{"id":41,"date":"2021-11-30T06:46:16","date_gmt":"2021-11-30T06:46:16","guid":{"rendered":"https:\/\/motradingschool-com.wp-dev.int.theitops.net\/?page_id=41"},"modified":"2021-12-14T14:34:14","modified_gmt":"2021-12-14T14:34:14","slug":"homepage","status":"publish","type":"page","link":"https:\/\/www.motradingschool.com\/fr\/","title":{"rendered":"Homepage"},"content":{"rendered":"<div data-elementor-type=\"wp-page\" data-elementor-id=\"41\" class=\"elementor elementor-41\" data-elementor-settings=\"[]\">\n\t\t\t\t\t\t\t<div class=\"elementor-section-wrap\">\n\t\t\t\t\t\t\t<section class=\"elementor-section elementor-top-section elementor-element elementor-element-1de6050 elementor-section-height-min-height elementor-section-stretched elementor-section-boxed elementor-section-height-default elementor-section-items-middle\" data-id=\"1de6050\" data-element_type=\"section\" data-settings=\"{&quot;stretch_section&quot;:&quot;section-stretched&quot;,&quot;background_background&quot;:&quot;classic&quot;}\">\n\t\t\t\t\t\t<div class=\"elementor-container elementor-column-gap-default\">\n\t\t\t\t\t<div class=\"elementor-column elementor-col-50 elementor-top-column elementor-element elementor-element-af7adae\" data-id=\"af7adae\" data-element_type=\"column\">\n\t\t\t<div class=\"elementor-widget-wrap elementor-element-populated\">\n\t\t\t\t\t\t\t\t<div class=\"elementor-element elementor-element-8120386 elementor-widget elementor-widget-heading\" data-id=\"8120386\" data-element_type=\"widget\" data-widget_type=\"heading.default\">\n\t\t\t\t<div class=\"elementor-widget-container\">\n\t\t\t<h1 class=\"elementor-heading-title elementor-size-default translation-block\">Formation Gratuite<\/h1>\t\t<\/div>\n\t\t\t\t<\/div>\n\t\t\t\t<div class=\"elementor-element elementor-element-7025382 elementor-widget elementor-widget-heading\" data-id=\"7025382\" data-element_type=\"widget\" data-widget_type=\"heading.default\">\n\t\t\t\t<div class=\"elementor-widget-container\">\n\t\t\t<h2 class=\"elementor-heading-title elementor-size-default\">Apprenez, Tradez, Grandissez<\/h2>\t\t<\/div>\n\t\t\t\t<\/div>\n\t\t\t\t<div class=\"elementor-element elementor-element-16c187c elementor-hidden-mobile elementor-widget elementor-widget-text-editor\" data-id=\"16c187c\" data-element_type=\"widget\" data-widget_type=\"text-editor.default\">\n\t\t\t\t<div class=\"elementor-widget-container\">\n\t\t\t\t\t\t\t<p class=\" translation-block\">Commencez votre voyage dans le trading \u00e0 nos \n<br>\nc\u00f4t\u00e9s et inscrivez-vous chez notre Broker Partenaire Ironfx<\/p>\t\t\t\t\t\t<\/div>\n\t\t\t\t<\/div>\n\t\t\t\t<div class=\"elementor-element elementor-element-92292fd elementor-hidden-desktop elementor-hidden-tablet elementor-widget elementor-widget-text-editor\" data-id=\"92292fd\" data-element_type=\"widget\" data-widget_type=\"text-editor.default\">\n\t\t\t\t<div class=\"elementor-widget-container\">\n\t\t\t\t\t\t\t<p>Commencez votre voyage dans le trading \u00e0 nos c\u00f4t\u00e9s et<\/p><p>inscrivez-vous chez notre Broker Partenaire Ironfx<\/p>\t\t\t\t\t\t<\/div>\n\t\t\t\t<\/div>\n\t\t\t\t<div class=\"elementor-element elementor-element-f691e6d elementor-hidden-desktop elementor-widget elementor-widget-image\" data-id=\"f691e6d\" data-element_type=\"widget\" data-widget_type=\"image.default\">\n\t\t\t\t<div class=\"elementor-widget-container\">\n\t\t\t\t\t\t\t\t\t\t\t\t\t\t\t<img decoding=\"async\" width=\"997\" height=\"905\" src=\"https:\/\/www.motradingschool.com\/wp-content\/uploads\/2021\/11\/mo-trading-school-homepage-1.png\" class=\"attachment-full size-full\" alt=\"\" loading=\"lazy\" style=\"width:100%;height:90.77%;max-width:997px\" \/>\t\t\t\t\t\t\t\t\t\t\t\t\t\t\t<\/div>\n\t\t\t\t<\/div>\n\t\t\t\t<div class=\"elementor-element elementor-element-0271f6c elementor-tablet-align-center elementor-widget elementor-widget-button\" data-id=\"0271f6c\" data-element_type=\"widget\" data-widget_type=\"button.default\">\n\t\t\t\t<div class=\"elementor-widget-container\">\n\t\t\t\t\t<div class=\"elementor-button-wrapper\">\n\t\t\t<a href=\"https:\/\/www.ironfx.com\/fr\/register?utm_source=004300&amp;utm_medium=link&amp;utm_campaign=IronFX_Sales\" class=\"elementor-button-link elementor-button elementor-size-sm\" role=\"button\">\n\t\t\t\t\t\t<span class=\"elementor-button-content-wrapper\">\n\t\t\t\t\t\t<span class=\"elementor-button-text\">S'inscrire Maintenant<\/span>\n\t\t<\/span>\n\t\t\t\t\t<\/a>\n\t\t<\/div>\n\t\t\t\t<\/div>\n\t\t\t\t<\/div>\n\t\t\t\t<div class=\"elementor-element elementor-element-54f863c elementor-widget elementor-widget-text-editor\" data-id=\"54f863c\" data-element_type=\"widget\" data-widget_type=\"text-editor.default\">\n\t\t\t\t<div class=\"elementor-widget-container translation-block\">Tout trading comporte des risques. \n<br class=\"br-mob\">\nIl est possible de perdre tout votre capital.<\/div>\n\t\t\t\t<\/div>\n\t\t\t\t\t<\/div>\n\t\t<\/div>\n\t\t\t\t<div class=\"elementor-column elementor-col-50 elementor-top-column elementor-element elementor-element-8b99ff5 elementor-hidden-tablet elementor-hidden-mobile\" data-id=\"8b99ff5\" data-element_type=\"column\">\n\t\t\t<div class=\"elementor-widget-wrap elementor-element-populated\">\n\t\t\t\t\t\t\t\t<div class=\"elementor-element elementor-element-ccfd85d elementor-widget elementor-widget-image\" data-id=\"ccfd85d\" data-element_type=\"widget\" data-widget_type=\"image.default\">\n\t\t\t\t<div class=\"elementor-widget-container\">\n\t\t\t\t\t\t\t\t\t\t\t\t\t\t\t<img decoding=\"async\" width=\"997\" height=\"905\" src=\"https:\/\/www.motradingschool.com\/wp-content\/uploads\/2021\/11\/mo-trading-school-homepage-1.png\" class=\"attachment-full size-full\" alt=\"\" loading=\"lazy\" style=\"width:100%;height:90.77%;max-width:997px\" \/>\t\t\t\t\t\t\t\t\t\t\t\t\t\t\t<\/div>\n\t\t\t\t<\/div>\n\t\t\t\t\t<\/div>\n\t\t<\/div>\n\t\t\t\t\t\t\t<\/div>\n\t\t<\/section>\n\t\t\t\t<section class=\"elementor-section elementor-top-section elementor-element elementor-element-a4872bb elementor-section-stretched elementor-section-boxed elementor-section-height-default elementor-section-height-default\" data-id=\"a4872bb\" data-element_type=\"section\" data-settings=\"{&quot;stretch_section&quot;:&quot;section-stretched&quot;}\">\n\t\t\t\t\t\t<div class=\"elementor-container elementor-column-gap-default\">\n\t\t\t\t\t<div class=\"elementor-column elementor-col-100 elementor-top-column elementor-element elementor-element-cb9350e\" data-id=\"cb9350e\" data-element_type=\"column\">\n\t\t\t<div class=\"elementor-widget-wrap elementor-element-populated\">\n\t\t\t\t\t\t\t\t<div class=\"elementor-element elementor-element-04e0c1d elementor-widget elementor-widget-heading\" data-id=\"04e0c1d\" data-element_type=\"widget\" data-widget_type=\"heading.default\">\n\t\t\t\t<div class=\"elementor-widget-container\">\n\t\t\t<h3 class=\"elementor-heading-title elementor-size-default translation-block\">Ouvrez un compte de trading maintenant et b\u00e9n\u00e9ficiez d'une formation gratuite !<\/h3>\t\t<\/div>\n\t\t\t\t<\/div>\n\t\t\t\t<div class=\"elementor-element elementor-element-9832fc1 elementor-widget elementor-widget-text-editor\" data-id=\"9832fc1\" data-element_type=\"widget\" data-widget_type=\"text-editor.default\">\n\t\t\t\t<div class=\"elementor-widget-container translation-block\">Avec nous, vous pouvez commencer instantan\u00e9ment votre parcours dans le trading en toute confiance. Nous vous guiderons et vous soutiendrons dans le d\u00e9veloppement de vos comp\u00e9tences de trading gr\u00e2ce \u00e0 nos sessions de formation gratuites. Nous vous apprendrons les tenants et aboutissants du trading, nous vous fournirons des informations d'experts et vous aiderons \u00e0 am\u00e9liorer vos m\u00e9thodes de travail afin que vous soyez pr\u00eat \u00e0 entrer sur les march\u00e9s facilement et sans stress.<\/div>\n\t\t\t\t<\/div>\n\t\t\t\t<div class=\"elementor-element elementor-element-8b4c24a elementor-hidden-desktop elementor-widget elementor-widget-image\" data-id=\"8b4c24a\" data-element_type=\"widget\" data-widget_type=\"image.default\">\n\t\t\t\t<div class=\"elementor-widget-container\">\n\t\t\t\t\t\t\t\t\t\t\t\t\t\t\t<img decoding=\"async\" width=\"575\" height=\"469\" src=\"https:\/\/www.motradingschool.com\/wp-content\/uploads\/2021\/11\/free-training-mo-3.jpg\" class=\"attachment-large size-large\" alt=\"\" loading=\"lazy\" style=\"width:100%;height:81.57%;max-width:575px\" \/>\t\t\t\t\t\t\t\t\t\t\t\t\t\t\t<\/div>\n\t\t\t\t<\/div>\n\t\t\t\t<section class=\"elementor-section elementor-inner-section elementor-element elementor-element-cc83d2b elementor-section-boxed elementor-section-height-default elementor-section-height-default\" data-id=\"cc83d2b\" data-element_type=\"section\">\n\t\t\t\t\t\t<div class=\"elementor-container elementor-column-gap-default\">\n\t\t\t\t\t<div class=\"elementor-column elementor-col-50 elementor-inner-column elementor-element elementor-element-239dc61\" data-id=\"239dc61\" data-element_type=\"column\">\n\t\t\t<div class=\"elementor-widget-wrap elementor-element-populated\">\n\t\t\t\t\t\t\t\t<div class=\"elementor-element elementor-element-4092bcc elementor-widget elementor-widget-heading\" data-id=\"4092bcc\" data-element_type=\"widget\" data-widget_type=\"heading.default\">\n\t\t\t\t<div class=\"elementor-widget-container\">\n\t\t\t<p class=\"elementor-heading-title elementor-size-default translation-block\">Ouvrez un compte de trading avec notre Broker Partenaire Ironfx et commencez vos sessions de formation gratuites avec MO Trading School.<\/p>\t\t<\/div>\n\t\t\t\t<\/div>\n\t\t\t\t<div class=\"elementor-element elementor-element-92d5730 elementor-tablet-align-center elementor-widget elementor-widget-button\" data-id=\"92d5730\" data-element_type=\"widget\" data-widget_type=\"button.default\">\n\t\t\t\t<div class=\"elementor-widget-container\">\n\t\t\t\t\t<div class=\"elementor-button-wrapper\">\n\t\t\t<a href=\"https:\/\/www.ironfx.com\/fr\/register?utm_source=004300&amp;utm_medium=link&amp;utm_campaign=IronFX_Sales\" class=\"elementor-button-link elementor-button elementor-size-sm\" role=\"button\">\n\t\t\t\t\t\t<span class=\"elementor-button-content-wrapper\">\n\t\t\t\t\t\t<span class=\"elementor-button-text\">Ouvrir un compte<\/span>\n\t\t<\/span>\n\t\t\t\t\t<\/a>\n\t\t<\/div>\n\t\t\t\t<\/div>\n\t\t\t\t<\/div>\n\t\t\t\t<div class=\"elementor-element elementor-element-815f48b elementor-widget elementor-widget-text-editor\" data-id=\"815f48b\" data-element_type=\"widget\" data-widget_type=\"text-editor.default\">\n\t\t\t\t<div class=\"elementor-widget-container translation-block\">Tout trading comporte des risques. \n<br class=\"br-mob\">\nIl est possible de perdre tout votre capital.<\/div>\n\t\t\t\t<\/div>\n\t\t\t\t\t<\/div>\n\t\t<\/div>\n\t\t\t\t<div class=\"elementor-column elementor-col-50 elementor-inner-column elementor-element elementor-element-eb4d6e0 elementor-hidden-tablet elementor-hidden-mobile\" data-id=\"eb4d6e0\" data-element_type=\"column\">\n\t\t\t<div class=\"elementor-widget-wrap elementor-element-populated\">\n\t\t\t\t\t\t\t\t<div class=\"elementor-element elementor-element-a38a391 elementor-widget elementor-widget-image\" data-id=\"a38a391\" data-element_type=\"widget\" data-widget_type=\"image.default\">\n\t\t\t\t<div class=\"elementor-widget-container\">\n\t\t\t\t\t\t\t\t\t\t\t\t\t\t\t<img decoding=\"async\" width=\"575\" height=\"469\" src=\"https:\/\/www.motradingschool.com\/wp-content\/uploads\/2021\/11\/free-training-mo-3.jpg\" class=\"attachment-large size-large\" alt=\"\" loading=\"lazy\" style=\"width:100%;height:81.57%;max-width:575px\" \/>\t\t\t\t\t\t\t\t\t\t\t\t\t\t\t<\/div>\n\t\t\t\t<\/div>\n\t\t\t\t\t<\/div>\n\t\t<\/div>\n\t\t\t\t\t\t\t<\/div>\n\t\t<\/section>\n\t\t\t\t\t<\/div>\n\t\t<\/div>\n\t\t\t\t\t\t\t<\/div>\n\t\t<\/section>\n\t\t\t\t<section class=\"elementor-section elementor-top-section elementor-element elementor-element-111e606 elementor-section-stretched elementor-section-boxed elementor-section-height-default elementor-section-height-default\" data-id=\"111e606\" data-element_type=\"section\" data-settings=\"{&quot;stretch_section&quot;:&quot;section-stretched&quot;,&quot;background_background&quot;:&quot;classic&quot;}\">\n\t\t\t\t\t\t<div class=\"elementor-container elementor-column-gap-default\">\n\t\t\t\t\t<div class=\"elementor-column elementor-col-100 elementor-top-column elementor-element elementor-element-36aa12a\" data-id=\"36aa12a\" data-element_type=\"column\">\n\t\t\t<div class=\"elementor-widget-wrap elementor-element-populated\">\n\t\t\t\t\t\t\t\t<div class=\"elementor-element elementor-element-b30c283 elementor-widget elementor-widget-heading\" data-id=\"b30c283\" data-element_type=\"widget\" data-widget_type=\"heading.default\">\n\t\t\t\t<div class=\"elementor-widget-container\">\n\t\t\t<h3 class=\"elementor-heading-title elementor-size-default translation-block\">Entra\u00eeneur personnel d\u00e9di\u00e9<\/h3>\t\t<\/div>\n\t\t\t\t<\/div>\n\t\t\t\t<div class=\"elementor-element elementor-element-28d66b6 elementor-widget elementor-widget-text-editor\" data-id=\"28d66b6\" data-element_type=\"widget\" data-widget_type=\"text-editor.default\">\n\t\t\t\t<div class=\"elementor-widget-container translation-block\">Apprenez-en plus sur l'analyse technique, l'analyse fondamentale, la gestion des risques et la psychologie du trading avec votre propre entra\u00eeneur personnel !  Ouvrez un compte de trading avec notre Broker Partenaire Ironfx et apprenez \u00e0 trader.<\/div>\n\t\t\t\t<\/div>\n\t\t\t\t<div class=\"elementor-element elementor-element-4ba7321 elementor-hidden-mobile elementor-widget elementor-widget-image\" data-id=\"4ba7321\" data-element_type=\"widget\" data-widget_type=\"image.default\">\n\t\t\t\t<div class=\"elementor-widget-container\">\n\t\t\t\t\t\t\t\t\t\t\t\t\t\t\t<img decoding=\"async\" width=\"790\" height=\"557\" src=\"https:\/\/www.motradingschool.com\/wp-content\/uploads\/2021\/11\/dedicated-personal-trainer.png\" class=\"attachment-full size-full\" alt=\"\" loading=\"lazy\" style=\"width:100%;height:70.51%;max-width:790px\" \/>\t\t\t\t\t\t\t\t\t\t\t\t\t\t\t<\/div>\n\t\t\t\t<\/div>\n\t\t\t\t<div class=\"elementor-element elementor-element-160c5bf elementor-hidden-desktop elementor-hidden-tablet elementor-widget elementor-widget-image\" data-id=\"160c5bf\" data-element_type=\"widget\" data-widget_type=\"image.default\">\n\t\t\t\t<div class=\"elementor-widget-container\">\n\t\t\t\t\t\t\t\t\t\t\t\t\t\t\t<img decoding=\"async\" width=\"325\" height=\"371\" src=\"https:\/\/www.motradingschool.com\/wp-content\/uploads\/2021\/11\/dedicated-personal-trainer-1.png\" class=\"attachment-full size-full\" alt=\"\" loading=\"lazy\" style=\"width:100%;height:114.15%;max-width:325px\" \/>\t\t\t\t\t\t\t\t\t\t\t\t\t\t\t<\/div>\n\t\t\t\t<\/div>\n\t\t\t\t<div class=\"elementor-element elementor-element-6106953 elementor-align-center elementor-widget elementor-widget-button\" data-id=\"6106953\" data-element_type=\"widget\" data-widget_type=\"button.default\">\n\t\t\t\t<div class=\"elementor-widget-container\">\n\t\t\t\t\t<div class=\"elementor-button-wrapper\">\n\t\t\t<a href=\"https:\/\/www.ironfx.com\/fr\/register?utm_source=004300&amp;utm_medium=link&amp;utm_campaign=IronFX_Sales\" class=\"elementor-button-link elementor-button elementor-size-sm\" role=\"button\">\n\t\t\t\t\t\t<span class=\"elementor-button-content-wrapper\">\n\t\t\t\t\t\t<span class=\"elementor-button-text\">Ouvrir un compte<\/span>\n\t\t<\/span>\n\t\t\t\t\t<\/a>\n\t\t<\/div>\n\t\t\t\t<\/div>\n\t\t\t\t<\/div>\n\t\t\t\t<div class=\"elementor-element elementor-element-7a09794 elementor-widget elementor-widget-text-editor\" data-id=\"7a09794\" data-element_type=\"widget\" data-widget_type=\"text-editor.default\">\n\t\t\t\t<div class=\"elementor-widget-container translation-block\">Tout trading comporte des risques. \n<br class=\"br-mob\">\nIl est possible de perdre tout votre capital.<\/div>\n\t\t\t\t<\/div>\n\t\t\t\t\t<\/div>\n\t\t<\/div>\n\t\t\t\t\t\t\t<\/div>\n\t\t<\/section>\n\t\t\t\t\t\t<\/div>\n\t\t\t\t\t<\/div>","protected":false},"excerpt":{"rendered":"<p>Free Trading Education Learn, Trade, Grow Start your trading journey with us and registerwith our partner broker IronFX. Start your trading journey with us and register with our partner broker IronFX. Register Now All trading involves risk. It is possible to lose all your capital. Open a trading account now and get a free training!&hellip; <a class=\"more-link\" href=\"https:\/\/www.motradingschool.com\/fr\/\">Poursuivre la lecture <span class=\"screen-reader-text\">Homepage<\/span><\/a><\/p>","protected":false},"author":3,"featured_media":0,"parent":0,"menu_order":0,"comment_status":"closed","ping_status":"closed","template":"elementor_header_footer","meta":[],"yoast_head":"<!-- This site is optimized with the Yoast SEO plugin v17.6 - https:\/\/yoast.com\/wordpress\/plugins\/seo\/ -->\n<title>Learn more and trade confidently with our trading school<\/title>\n<meta name=\"description\" content=\"Join one of the best trading education schools and improve your skills. Register for a trading account with our partner broker IronFX now and MO Trading School will show you how to reach your trading goals confidently. Start now.\" \/>\n<meta name=\"robots\" content=\"index, follow, max-snippet:-1, max-image-preview:large, max-video-preview:-1\" \/>\n<link rel=\"canonical\" href=\"https:\/\/www.motradingschool.com\/fr\/\" \/>\n<meta property=\"og:locale\" content=\"fr_FR\" \/>\n<meta property=\"og:type\" content=\"article\" \/>\n<meta property=\"og:title\" content=\"Learn more and trade confidently with our trading school\" \/>\n<meta property=\"og:description\" content=\"Join one of the best trading education schools and improve your skills. Register for a trading account with our partner broker IronFX now and MO Trading School will show you how to reach your trading goals confidently. Start now.\" \/>\n<meta property=\"og:url\" content=\"\/fr\/\" \/>\n<meta property=\"og:site_name\" content=\"MOTradingSchool\" \/>\n<meta property=\"article:modified_time\" content=\"2021-12-14T14:34:14+00:00\" \/>\n<meta property=\"og:image\" content=\"https:\/\/www.motradingschool.com\/wp-content\/uploads\/2021\/11\/mo-trading-school-homepage-1.png\" \/>\n<meta name=\"twitter:card\" content=\"summary_large_image\" \/>\n<meta name=\"twitter:label1\" content=\"Dur\u00e9e de lecture estim\u00e9e\" \/>\n\t<meta name=\"twitter:data1\" content=\"3 minutes\" \/>\n<script type=\"application\/ld+json\" class=\"yoast-schema-graph\">{\"@context\":\"https:\/\/schema.org\",\"@graph\":[{\"@type\":\"WebSite\",\"@id\":\"https:\/\/www.motradingschool.com\/#website\",\"url\":\"https:\/\/www.motradingschool.com\/\",\"name\":\"MOTradingSchool\",\"description\":\"Free Trading Education\",\"potentialAction\":[{\"@type\":\"SearchAction\",\"target\":{\"@type\":\"EntryPoint\",\"urlTemplate\":\"https:\/\/www.motradingschool.com\/?s={search_term_string}\"},\"query-input\":\"required name=search_term_string\"}],\"inLanguage\":\"fr-FR\"},{\"@type\":\"ImageObject\",\"@id\":\"https:\/\/www.motradingschool.com\/#primaryimage\",\"inLanguage\":\"fr-FR\",\"url\":\"https:\/\/www.motradingschool.com\/wp-content\/uploads\/2021\/11\/mo-trading-school-homepage-1.png\",\"contentUrl\":\"https:\/\/www.motradingschool.com\/wp-content\/uploads\/2021\/11\/mo-trading-school-homepage-1.png\",\"width\":997,\"height\":905},{\"@type\":\"WebPage\",\"@id\":\"https:\/\/www.motradingschool.com\/#webpage\",\"url\":\"https:\/\/www.motradingschool.com\/\",\"name\":\"Learn more and trade confidently with our trading school\",\"isPartOf\":{\"@id\":\"https:\/\/www.motradingschool.com\/#website\"},\"primaryImageOfPage\":{\"@id\":\"https:\/\/www.motradingschool.com\/#primaryimage\"},\"datePublished\":\"2021-11-30T06:46:16+00:00\",\"dateModified\":\"2021-12-14T14:34:14+00:00\",\"description\":\"Join one of the best trading education schools and improve your skills. Register for a trading account with our partner broker IronFX now and MO Trading School will show you how to reach your trading goals confidently. Start now.\",\"breadcrumb\":{\"@id\":\"https:\/\/www.motradingschool.com\/#breadcrumb\"},\"inLanguage\":\"fr-FR\",\"potentialAction\":[{\"@type\":\"ReadAction\",\"target\":[\"https:\/\/www.motradingschool.com\/\"]}]},{\"@type\":\"BreadcrumbList\",\"@id\":\"https:\/\/www.motradingschool.com\/#breadcrumb\",\"itemListElement\":[{\"@type\":\"ListItem\",\"position\":1,\"name\":\"Home\",\"item\":\"\/\"},{\"@type\":\"ListItem\",\"position\":2,\"name\":\"Homepage\"}]}]}<\/script>\n<!-- \/ Yoast SEO plugin. -->","yoast_head_json":{"title":"Learn more and trade confidently with our trading school","description":"Join one of the best trading education schools and improve your skills. Register for a trading account with our partner broker IronFX now and MO Trading School will show you how to reach your trading goals confidently. Start now.","robots":{"index":"index","follow":"follow","max-snippet":"max-snippet:-1","max-image-preview":"max-image-preview:large","max-video-preview":"max-video-preview:-1"},"canonical":"https:\/\/www.motradingschool.com\/fr\/","og_locale":"fr_FR","og_type":"article","og_title":"Learn more and trade confidently with our trading school","og_description":"Join one of the best trading education schools and improve your skills. Register for a trading account with our partner broker IronFX now and MO Trading School will show you how to reach your trading goals confidently. Start now.","og_url":"\/fr\/","og_site_name":"MOTradingSchool","article_modified_time":"2021-12-14T14:34:14+00:00","og_image":[{"url":"https:\/\/www.motradingschool.com\/wp-content\/uploads\/2021\/11\/mo-trading-school-homepage-1.png"}],"twitter_card":"summary_large_image","twitter_misc":{"Dur\u00e9e de lecture estim\u00e9e":"3 minutes"},"schema":{"@context":"https:\/\/schema.org","@graph":[{"@type":"WebSite","@id":"https:\/\/www.motradingschool.com\/#website","url":"https:\/\/www.motradingschool.com\/","name":"MOTradingSchool","description":"Free Trading Education","potentialAction":[{"@type":"SearchAction","target":{"@type":"EntryPoint","urlTemplate":"https:\/\/www.motradingschool.com\/?s={search_term_string}"},"query-input":"required name=search_term_string"}],"inLanguage":"fr-FR"},{"@type":"ImageObject","@id":"https:\/\/www.motradingschool.com\/#primaryimage","inLanguage":"fr-FR","url":"https:\/\/www.motradingschool.com\/wp-content\/uploads\/2021\/11\/mo-trading-school-homepage-1.png","contentUrl":"https:\/\/www.motradingschool.com\/wp-content\/uploads\/2021\/11\/mo-trading-school-homepage-1.png","width":997,"height":905},{"@type":"WebPage","@id":"https:\/\/www.motradingschool.com\/#webpage","url":"https:\/\/www.motradingschool.com\/","name":"Learn more and trade confidently with our trading school","isPartOf":{"@id":"https:\/\/www.motradingschool.com\/#website"},"primaryImageOfPage":{"@id":"https:\/\/www.motradingschool.com\/#primaryimage"},"datePublished":"2021-11-30T06:46:16+00:00","dateModified":"2021-12-14T14:34:14+00:00","description":"Join one of the best trading education schools and improve your skills. Register for a trading account with our partner broker IronFX now and MO Trading School will show you how to reach your trading goals confidently. Start now.","breadcrumb":{"@id":"https:\/\/www.motradingschool.com\/#breadcrumb"},"inLanguage":"fr-FR","potentialAction":[{"@type":"ReadAction","target":["https:\/\/www.motradingschool.com\/"]}]},{"@type":"BreadcrumbList","@id":"https:\/\/www.motradingschool.com\/#breadcrumb","itemListElement":[{"@type":"ListItem","position":1,"name":"Home","item":"\/"},{"@type":"ListItem","position":2,"name":"Homepage"}]}]}},"_links":{"self":[{"href":"https:\/\/www.motradingschool.com\/fr\/wp-json\/wp\/v2\/pages\/41"}],"collection":[{"href":"https:\/\/www.motradingschool.com\/fr\/wp-json\/wp\/v2\/pages"}],"about":[{"href":"https:\/\/www.motradingschool.com\/fr\/wp-json\/wp\/v2\/types\/page"}],"author":[{"embeddable":true,"href":"https:\/\/www.motradingschool.com\/fr\/wp-json\/wp\/v2\/users\/3"}],"replies":[{"embeddable":true,"href":"https:\/\/www.motradingschool.com\/fr\/wp-json\/wp\/v2\/comments?post=41"}],"version-history":[{"count":10,"href":"https:\/\/www.motradingschool.com\/fr\/wp-json\/wp\/v2\/pages\/41\/revisions"}],"predecessor-version":[{"id":581,"href":"https:\/\/www.motradingschool.com\/fr\/wp-json\/wp\/v2\/pages\/41\/revisions\/581"}],"wp:attachment":[{"href":"https:\/\/www.motradingschool.com\/fr\/wp-json\/wp\/v2\/media?parent=41"}],"curies":[{"name":"wp","href":"https:\/\/api.w.org\/{rel}","templated":true}]}}