{"id":43,"date":"2021-11-30T06:50:12","date_gmt":"2021-11-30T06:50:12","guid":{"rendered":"https:\/\/motradingschool-com.wp-dev.int.theitops.net\/?page_id=43"},"modified":"2021-12-14T14:33:57","modified_gmt":"2021-12-14T14:33:57","slug":"about-us","status":"publish","type":"page","link":"https:\/\/www.motradingschool.com\/fr\/about-us\/","title":{"rendered":"\u00c0 propos de nous"},"content":{"rendered":"<div data-elementor-type=\"wp-page\" data-elementor-id=\"43\" class=\"elementor elementor-43\" data-elementor-settings=\"[]\">\n\t\t\t\t\t\t\t<div class=\"elementor-section-wrap\">\n\t\t\t\t\t\t\t<section class=\"elementor-section elementor-top-section elementor-element elementor-element-3a76321 elementor-section-stretched elementor-section-boxed elementor-section-height-default elementor-section-height-default\" data-id=\"3a76321\" data-element_type=\"section\" data-settings=\"{&quot;stretch_section&quot;:&quot;section-stretched&quot;}\">\n\t\t\t\t\t\t<div class=\"elementor-container elementor-column-gap-default\">\n\t\t\t\t\t<div class=\"elementor-column elementor-col-100 elementor-top-column elementor-element elementor-element-cfdc89b\" data-id=\"cfdc89b\" data-element_type=\"column\">\n\t\t\t<div class=\"elementor-widget-wrap elementor-element-populated\">\n\t\t\t\t\t\t\t\t<div class=\"elementor-element elementor-element-8b9d1ef elementor-widget elementor-widget-heading\" data-id=\"8b9d1ef\" data-element_type=\"widget\" data-widget_type=\"heading.default\">\n\t\t\t\t<div class=\"elementor-widget-container\">\n\t\t\t<h1 class=\"elementor-heading-title elementor-size-default\">\u00c0 propos de nous<\/h1>\t\t<\/div>\n\t\t\t\t<\/div>\n\t\t\t\t<div class=\"elementor-element elementor-element-4fb40a1 elementor-widget elementor-widget-heading\" data-id=\"4fb40a1\" data-element_type=\"widget\" data-widget_type=\"heading.default\">\n\t\t\t\t<div class=\"elementor-widget-container\">\n\t\t\t<h2 class=\"elementor-heading-title elementor-size-default\">Pourquoi apprendre \u00e0 trader avec nous ?\n<\/h2>\t\t<\/div>\n\t\t\t\t<\/div>\n\t\t\t\t<div class=\"elementor-element elementor-element-509c382 elementor-widget elementor-widget-text-editor\" data-id=\"509c382\" data-element_type=\"widget\" data-widget_type=\"text-editor.default\">\n\t\t\t\t<div class=\"elementor-widget-container translation-block\">Le march\u00e9 est en constante \u00e9volution. Nous vous aidons \u00e0 construire des bases solides et solides, afin que vous puissiez n\u00e9gocier les march\u00e9s en toute confiance et en toute s\u00e9curit\u00e9. Nous vous fournirons toutes les informations et le soutien n\u00e9cessaires pour vous aider \u00e0 comprendre le march\u00e9 et apprendre \u00e0 trader.\n\n<br class=\"br-mob\">\n<br class=\"br-mob\">\n<br class=\"br-des\"><br class=\"br-des\">\n\nLe trading est un voyage et prend du temps et de l'engagement. Pour pouvoir atteindre vos objectifs souhait\u00e9s et r\u00e9aliser des b\u00e9n\u00e9fices constants, vous devrez vous mettre au travail. Nous avons cr\u00e9\u00e9 une \u00e9cole de formation au trading compl\u00e8te, accessible gratuitement et facile \u00e0 comprendre.<\/div>\n\t\t\t\t<\/div>\n\t\t\t\t<div class=\"elementor-element elementor-element-bdbe0ec elementor-hidden-mobile elementor-widget elementor-widget-image\" data-id=\"bdbe0ec\" data-element_type=\"widget\" data-widget_type=\"image.default\">\n\t\t\t\t<div class=\"elementor-widget-container\">\n\t\t\t\t\t\t\t\t\t\t\t\t\t\t\t<img decoding=\"async\" width=\"750\" height=\"564\" src=\"https:\/\/www.motradingschool.com\/wp-content\/uploads\/2021\/11\/about-us.png\" class=\"attachment-large size-large\" alt=\"\" loading=\"lazy\" style=\"width:100%;height:75.17%;max-width:906px\" \/>\t\t\t\t\t\t\t\t\t\t\t\t\t\t\t<\/div>\n\t\t\t\t<\/div>\n\t\t\t\t<div class=\"elementor-element elementor-element-48eaa1b elementor-hidden-desktop elementor-hidden-tablet elementor-widget elementor-widget-image\" data-id=\"48eaa1b\" data-element_type=\"widget\" data-widget_type=\"image.default\">\n\t\t\t\t<div class=\"elementor-widget-container\">\n\t\t\t\t\t\t\t\t\t\t\t\t\t\t\t<img decoding=\"async\" width=\"335\" height=\"396\" src=\"https:\/\/www.motradingschool.com\/wp-content\/uploads\/2021\/11\/learn-why-trade-with-us.png\" class=\"attachment-large size-large\" alt=\"\" loading=\"lazy\" style=\"width:100%;height:118.21%;max-width:335px\" \/>\t\t\t\t\t\t\t\t\t\t\t\t\t\t\t<\/div>\n\t\t\t\t<\/div>\n\t\t\t\t<div class=\"elementor-element elementor-element-068af18 elementor-widget elementor-widget-text-editor\" data-id=\"068af18\" data-element_type=\"widget\" data-widget_type=\"text-editor.default\">\n\t\t\t\t<div class=\"elementor-widget-container translation-block\">Pour nous, il est essentiel que vous compreniez d'abord les bases, puis que vous proc\u00e9diez \u00e0 une bonne compr\u00e9hension des march\u00e9s et de tous les aspects importants du trading. Nous vous guiderons tout au long de l'exp\u00e9rience de trading et vous apprendrons tout ce que vous devez savoir, de l'analyse technique et fondamentale \u00e0 la psychologie du trading, en passant par la gestion des risques et de l'argent, une bonne compr\u00e9hension de ce qui constitue le \" rapport qualit\u00e9-prix \", une approche disciplin\u00e9e et \u00e9tat d'esprit correct, d\u00e9finition des attentes et bien plus encore. Nous visons \u00e0 vous apprendre le trading sous toutes ses facettes, afin que vous soyez techniquement et psychologiquement pr\u00e9par\u00e9. Ouvrez un compte de trading avec notre Broker Partenaire Ironfx.<\/div>\n\t\t\t\t<\/div>\n\t\t\t\t<div class=\"elementor-element elementor-element-dd9342c elementor-align-center elementor-widget elementor-widget-button\" data-id=\"dd9342c\" data-element_type=\"widget\" data-widget_type=\"button.default\">\n\t\t\t\t<div class=\"elementor-widget-container\">\n\t\t\t\t\t<div class=\"elementor-button-wrapper\">\n\t\t\t<a href=\"https:\/\/www.ironfx.com\/fr\/register?utm_source=004300&amp;utm_medium=link&amp;utm_campaign=IronFX_Sales\" class=\"elementor-button-link elementor-button elementor-size-sm\" role=\"button\">\n\t\t\t\t\t\t<span class=\"elementor-button-content-wrapper\">\n\t\t\t\t\t\t<span class=\"elementor-button-text\">Ouvrir un compte<\/span>\n\t\t<\/span>\n\t\t\t\t\t<\/a>\n\t\t<\/div>\n\t\t\t\t<\/div>\n\t\t\t\t<\/div>\n\t\t\t\t<div class=\"elementor-element elementor-element-f11f6e2 elementor-widget elementor-widget-text-editor\" data-id=\"f11f6e2\" data-element_type=\"widget\" data-widget_type=\"text-editor.default\">\n\t\t\t\t<div class=\"elementor-widget-container translation-block\">Tout trading comporte des risques. \n<br class=\"br-mob\">\nIl est possible de perdre tout votre capital.<\/div>\n\t\t\t\t<\/div>\n\t\t\t\t\t<\/div>\n\t\t<\/div>\n\t\t\t\t\t\t\t<\/div>\n\t\t<\/section>\n\t\t\t\t<section class=\"elementor-section elementor-top-section elementor-element elementor-element-332ad06 elementor-section-stretched elementor-section-boxed elementor-section-height-default elementor-section-height-default\" data-id=\"332ad06\" data-element_type=\"section\" data-settings=\"{&quot;stretch_section&quot;:&quot;section-stretched&quot;,&quot;background_background&quot;:&quot;classic&quot;}\">\n\t\t\t\t\t\t<div class=\"elementor-container elementor-column-gap-default\">\n\t\t\t\t\t<div class=\"elementor-column elementor-col-100 elementor-top-column elementor-element elementor-element-ecba665\" data-id=\"ecba665\" data-element_type=\"column\">\n\t\t\t<div class=\"elementor-widget-wrap elementor-element-populated\">\n\t\t\t\t\t\t\t\t<div class=\"elementor-element elementor-element-f3e68e5 elementor-widget elementor-widget-heading\" data-id=\"f3e68e5\" data-element_type=\"widget\" data-widget_type=\"heading.default\">\n\t\t\t\t<div class=\"elementor-widget-container\">\n\t\t\t<h3 class=\"elementor-heading-title elementor-size-default translation-block\">Nous d\u00e9veloppons le \n<br>\n<span style=\"color: #f63d44\">\nTrading en ligne au Maroc\n<\/span><\/h3>\t\t<\/div>\n\t\t\t\t<\/div>\n\t\t\t\t<div class=\"elementor-element elementor-element-bc90c54 elementor-widget elementor-widget-text-editor\" data-id=\"bc90c54\" data-element_type=\"widget\" data-widget_type=\"text-editor.default\">\n\t\t\t\t<div class=\"elementor-widget-container translation-block\">Si vous cherchez \u00e0 vous lancer dans le Trading Forex au Maroc, alors c'est le moment id\u00e9al pour le faire. Le dirham marocain est devenu une monnaie forte en raison des politiques lib\u00e9rales du gouvernement, tandis que l'inclusion croissante du pays dans le syst\u00e8me financier mondial accompagn\u00e9e d'une une structure r\u00e9glementaire solide ont contribu\u00e9 \u00e0 stimuler l'int\u00e9r\u00eat pour le forex.\n<br class=\"br-mob\">\n<br class=\"br-mob\">\n<br class=\"br-des\"><br class=\"br-des\">\nAvec la technologie en ligne, une couverture Internet plus \u00e9lev\u00e9e et une concurrence accrue entre les diff\u00e9rents Brokers \/ Courtiers, le trading forex au Maroc est devenu plus populaire et accessible. Les Marocains ont la possibilit\u00e9 de s'inscrire aupr\u00e8s des principaux Brokers forex au monde, car ils peuvent acc\u00e9der aux plateformes de trading les plus avanc\u00e9es et aux meilleures conditions de trading en s'inscrivant aupr\u00e8s d'un Broker r\u00e9put\u00e9.\n<br class=\"br-mob\">\n<br class=\"br-mob\">\n<br class=\"br-des\"><br class=\"br-des\">\nLe march\u00e9 des changes est le march\u00e9 le plus liquide au monde avec plus de 6 000 milliards de dollars \u00e9chang\u00e9s chaque jour. Cela vous offre la possibilit\u00e9 de trader sur le plus grand march\u00e9 du monde et de tirer parti des fluctuations des devises dans l'\u00e9conomie mondiale.\n<br class=\"br-mob\">\n<br class=\"br-mob\">\n<br class=\"br-des\"><br class=\"br-des\">\nTrader au Maroc ou ailleurs dans le monde demande de la pr\u00e9paration, des connaissances et de la pratique. Nous sommes l\u00e0 pour vous aider \u00e0 apprendre, \u00e0 grandir et \u00e0 devenir un trader confiant.                                                                                      Vous pouvez commencer en ouvrant un compte de trading avec notre Broker Partenaire Ironfx.<\/div>\n\t\t\t\t<\/div>\n\t\t\t\t<div class=\"elementor-element elementor-element-191523c elementor-align-center elementor-widget elementor-widget-button\" data-id=\"191523c\" data-element_type=\"widget\" data-widget_type=\"button.default\">\n\t\t\t\t<div class=\"elementor-widget-container\">\n\t\t\t\t\t<div class=\"elementor-button-wrapper\">\n\t\t\t<a href=\"https:\/\/www.ironfx.com\/fr\/register?utm_source=004300&amp;utm_medium=link&amp;utm_campaign=IronFX_Sales\" class=\"elementor-button-link elementor-button elementor-size-sm\" role=\"button\">\n\t\t\t\t\t\t<span class=\"elementor-button-content-wrapper\">\n\t\t\t\t\t\t<span class=\"elementor-button-text\">S'inscrire Maintenant<\/span>\n\t\t<\/span>\n\t\t\t\t\t<\/a>\n\t\t<\/div>\n\t\t\t\t<\/div>\n\t\t\t\t<\/div>\n\t\t\t\t<div class=\"elementor-element elementor-element-8b0b6df elementor-widget elementor-widget-text-editor\" data-id=\"8b0b6df\" data-element_type=\"widget\" data-widget_type=\"text-editor.default\">\n\t\t\t\t<div class=\"elementor-widget-container translation-block\">Tout trading comporte des risques. \n<br class=\"br-mob\">\nIl est possible de perdre tout votre capital.<\/div>\n\t\t\t\t<\/div>\n\t\t\t\t\t<\/div>\n\t\t<\/div>\n\t\t\t\t\t\t\t<\/div>\n\t\t<\/section>\n\t\t\t\t\t\t<\/div>\n\t\t\t\t\t<\/div>","protected":false},"excerpt":{"rendered":"<p>About Us Why learn how to trade with us ? The market is constanly changing. We help you build solid and strong foundations, so that you can trade the markets confidently and securely. We will provide you with all the information and support to help you understand the market and learn how to trade. Trading&hellip; <a class=\"more-link\" href=\"https:\/\/www.motradingschool.com\/fr\/about-us\/\">Poursuivre la lecture <span class=\"screen-reader-text\">\u00c0 propos de nous<\/span><\/a><\/p>","protected":false},"author":3,"featured_media":0,"parent":0,"menu_order":0,"comment_status":"closed","ping_status":"closed","template":"elementor_header_footer","meta":[],"yoast_head":"<!-- This site is optimized with the Yoast SEO plugin v17.6 - https:\/\/yoast.com\/wordpress\/plugins\/seo\/ -->\n<title>Get started with us and learn about trading the markets securely<\/title>\n<meta name=\"description\" content=\"We help you build solid and strong foundations so that you can trade the markets confidently and securely. We will provide you with all the information you need\" \/>\n<meta name=\"robots\" content=\"index, follow, max-snippet:-1, max-image-preview:large, max-video-preview:-1\" \/>\n<link rel=\"canonical\" href=\"https:\/\/www.motradingschool.com\/fr\/\" \/>\n<meta property=\"og:locale\" content=\"fr_FR\" \/>\n<meta property=\"og:type\" content=\"article\" \/>\n<meta property=\"og:title\" content=\"Get started with us and learn about trading the markets securely\" \/>\n<meta property=\"og:description\" content=\"We help you build solid and strong foundations so that you can trade the markets confidently and securely. We will provide you with all the information you need\" \/>\n<meta property=\"og:url\" content=\"\/fr\/\" \/>\n<meta property=\"og:site_name\" content=\"MOTradingSchool\" \/>\n<meta property=\"article:modified_time\" content=\"2021-12-14T14:33:57+00:00\" \/>\n<meta property=\"og:image\" content=\"https:\/\/www.motradingschool.com\/wp-content\/uploads\/2021\/11\/about-us.png\" \/>\n<meta name=\"twitter:card\" content=\"summary_large_image\" \/>\n<meta name=\"twitter:label1\" content=\"Dur\u00e9e de lecture estim\u00e9e\" \/>\n\t<meta name=\"twitter:data1\" content=\"3 minutes\" \/>\n<script type=\"application\/ld+json\" class=\"yoast-schema-graph\">{\"@context\":\"https:\/\/schema.org\",\"@graph\":[{\"@type\":\"WebSite\",\"@id\":\"https:\/\/www.motradingschool.com\/#website\",\"url\":\"https:\/\/www.motradingschool.com\/\",\"name\":\"MOTradingSchool\",\"description\":\"Free Trading Education\",\"potentialAction\":[{\"@type\":\"SearchAction\",\"target\":{\"@type\":\"EntryPoint\",\"urlTemplate\":\"https:\/\/www.motradingschool.com\/?s={search_term_string}\"},\"query-input\":\"required name=search_term_string\"}],\"inLanguage\":\"fr-FR\"},{\"@type\":\"ImageObject\",\"@id\":\"https:\/\/www.motradingschool.com\/#primaryimage\",\"inLanguage\":\"fr-FR\",\"url\":\"https:\/\/www.motradingschool.com\/wp-content\/uploads\/2021\/11\/about-us.png\",\"contentUrl\":\"https:\/\/www.motradingschool.com\/wp-content\/uploads\/2021\/11\/about-us.png\",\"width\":906,\"height\":681},{\"@type\":\"WebPage\",\"@id\":\"https:\/\/www.motradingschool.com\/#webpage\",\"url\":\"https:\/\/www.motradingschool.com\/\",\"name\":\"Get started with us and learn about trading the markets securely\",\"isPartOf\":{\"@id\":\"https:\/\/www.motradingschool.com\/#website\"},\"primaryImageOfPage\":{\"@id\":\"https:\/\/www.motradingschool.com\/#primaryimage\"},\"datePublished\":\"2021-11-30T06:50:12+00:00\",\"dateModified\":\"2021-12-14T14:33:57+00:00\",\"description\":\"We help you build solid and strong foundations so that you can trade the markets confidently and securely. We will provide you with all the information you need\",\"breadcrumb\":{\"@id\":\"https:\/\/www.motradingschool.com\/#breadcrumb\"},\"inLanguage\":\"fr-FR\",\"potentialAction\":[{\"@type\":\"ReadAction\",\"target\":[\"https:\/\/www.motradingschool.com\/\"]}]},{\"@type\":\"BreadcrumbList\",\"@id\":\"https:\/\/www.motradingschool.com\/#breadcrumb\",\"itemListElement\":[{\"@type\":\"ListItem\",\"position\":1,\"name\":\"Home\",\"item\":\"\/\"},{\"@type\":\"ListItem\",\"position\":2,\"name\":\"About Us\"}]}]}<\/script>\n<!-- \/ Yoast SEO plugin. -->","yoast_head_json":{"title":"Get started with us and learn about trading the markets securely","description":"We help you build solid and strong foundations so that you can trade the markets confidently and securely. We will provide you with all the information you need","robots":{"index":"index","follow":"follow","max-snippet":"max-snippet:-1","max-image-preview":"max-image-preview:large","max-video-preview":"max-video-preview:-1"},"canonical":"https:\/\/www.motradingschool.com\/fr\/","og_locale":"fr_FR","og_type":"article","og_title":"Get started with us and learn about trading the markets securely","og_description":"We help you build solid and strong foundations so that you can trade the markets confidently and securely. We will provide you with all the information you need","og_url":"\/fr\/","og_site_name":"MOTradingSchool","article_modified_time":"2021-12-14T14:33:57+00:00","og_image":[{"url":"https:\/\/www.motradingschool.com\/wp-content\/uploads\/2021\/11\/about-us.png"}],"twitter_card":"summary_large_image","twitter_misc":{"Dur\u00e9e de lecture estim\u00e9e":"3 minutes"},"schema":{"@context":"https:\/\/schema.org","@graph":[{"@type":"WebSite","@id":"https:\/\/www.motradingschool.com\/#website","url":"https:\/\/www.motradingschool.com\/","name":"MOTradingSchool","description":"Free Trading Education","potentialAction":[{"@type":"SearchAction","target":{"@type":"EntryPoint","urlTemplate":"https:\/\/www.motradingschool.com\/?s={search_term_string}"},"query-input":"required name=search_term_string"}],"inLanguage":"fr-FR"},{"@type":"ImageObject","@id":"https:\/\/www.motradingschool.com\/#primaryimage","inLanguage":"fr-FR","url":"https:\/\/www.motradingschool.com\/wp-content\/uploads\/2021\/11\/about-us.png","contentUrl":"https:\/\/www.motradingschool.com\/wp-content\/uploads\/2021\/11\/about-us.png","width":906,"height":681},{"@type":"WebPage","@id":"https:\/\/www.motradingschool.com\/#webpage","url":"https:\/\/www.motradingschool.com\/","name":"Get started with us and learn about trading the markets securely","isPartOf":{"@id":"https:\/\/www.motradingschool.com\/#website"},"primaryImageOfPage":{"@id":"https:\/\/www.motradingschool.com\/#primaryimage"},"datePublished":"2021-11-30T06:50:12+00:00","dateModified":"2021-12-14T14:33:57+00:00","description":"We help you build solid and strong foundations so that you can trade the markets confidently and securely. We will provide you with all the information you need","breadcrumb":{"@id":"https:\/\/www.motradingschool.com\/#breadcrumb"},"inLanguage":"fr-FR","potentialAction":[{"@type":"ReadAction","target":["https:\/\/www.motradingschool.com\/"]}]},{"@type":"BreadcrumbList","@id":"https:\/\/www.motradingschool.com\/#breadcrumb","itemListElement":[{"@type":"ListItem","position":1,"name":"Home","item":"\/"},{"@type":"ListItem","position":2,"name":"About Us"}]}]}},"_links":{"self":[{"href":"https:\/\/www.motradingschool.com\/fr\/wp-json\/wp\/v2\/pages\/43"}],"collection":[{"href":"https:\/\/www.motradingschool.com\/fr\/wp-json\/wp\/v2\/pages"}],"about":[{"href":"https:\/\/www.motradingschool.com\/fr\/wp-json\/wp\/v2\/types\/page"}],"author":[{"embeddable":true,"href":"https:\/\/www.motradingschool.com\/fr\/wp-json\/wp\/v2\/users\/3"}],"replies":[{"embeddable":true,"href":"https:\/\/www.motradingschool.com\/fr\/wp-json\/wp\/v2\/comments?post=43"}],"version-history":[{"count":10,"href":"https:\/\/www.motradingschool.com\/fr\/wp-json\/wp\/v2\/pages\/43\/revisions"}],"predecessor-version":[{"id":578,"href":"https:\/\/www.motradingschool.com\/fr\/wp-json\/wp\/v2\/pages\/43\/revisions\/578"}],"wp:attachment":[{"href":"https:\/\/www.motradingschool.com\/fr\/wp-json\/wp\/v2\/media?parent=43"}],"curies":[{"name":"wp","href":"https:\/\/api.w.org\/{rel}","templated":true}]}}