{"id":45,"date":"2021-11-30T06:50:26","date_gmt":"2021-11-30T06:50:26","guid":{"rendered":"https:\/\/motradingschool-com.wp-dev.int.theitops.net\/?page_id=45"},"modified":"2021-12-14T14:33:43","modified_gmt":"2021-12-14T14:33:43","slug":"free-training","status":"publish","type":"page","link":"https:\/\/www.motradingschool.com\/fr\/free-training\/","title":{"rendered":"Formation gratuite"},"content":{"rendered":"<div data-elementor-type=\"wp-page\" data-elementor-id=\"45\" class=\"elementor elementor-45\" data-elementor-settings=\"[]\">\n\t\t\t\t\t\t\t<div class=\"elementor-section-wrap\">\n\t\t\t\t\t\t\t<section class=\"elementor-section elementor-top-section elementor-element elementor-element-6178935 elementor-section-stretched elementor-section-boxed elementor-section-height-default elementor-section-height-default\" data-id=\"6178935\" data-element_type=\"section\" data-settings=\"{&quot;stretch_section&quot;:&quot;section-stretched&quot;}\">\n\t\t\t\t\t\t<div class=\"elementor-container elementor-column-gap-default\">\n\t\t\t\t\t<div class=\"elementor-column elementor-col-100 elementor-top-column elementor-element elementor-element-a27c72b\" data-id=\"a27c72b\" data-element_type=\"column\">\n\t\t\t<div class=\"elementor-widget-wrap elementor-element-populated\">\n\t\t\t\t\t\t\t\t<div class=\"elementor-element elementor-element-b47d514 elementor-widget elementor-widget-heading\" data-id=\"b47d514\" data-element_type=\"widget\" data-widget_type=\"heading.default\">\n\t\t\t\t<div class=\"elementor-widget-container\">\n\t\t\t<h1 class=\"elementor-heading-title elementor-size-default\">Formation gratuite<\/h1>\t\t<\/div>\n\t\t\t\t<\/div>\n\t\t\t\t<div class=\"elementor-element elementor-element-ebff385 elementor-widget elementor-widget-heading\" data-id=\"ebff385\" data-element_type=\"widget\" data-widget_type=\"heading.default\">\n\t\t\t\t<div class=\"elementor-widget-container\">\n\t\t\t<h2 class=\"elementor-heading-title elementor-size-default translation-block\">Obtenez des s\u00e9ances \n<br class=\"br-des\">\n<br class=\"br-mob\">\nde formation gratuites<\/h2>\t\t<\/div>\n\t\t\t\t<\/div>\n\t\t\t\t<div class=\"elementor-element elementor-element-e2d5e09 elementor-widget elementor-widget-text-editor\" data-id=\"e2d5e09\" data-element_type=\"widget\" data-widget_type=\"text-editor.default\">\n\t\t\t\t<div class=\"elementor-widget-container translation-block\">Avec nous, vous pouvez commencer \u00e0 d\u00e9velopper vos comp\u00e9tences en trading gr\u00e2ce \u00e0 nos sessions de formation gratuites. Vous pouvez d\u00e9sormais assister \u00e0 nos sessions gratuites riches en \u00e9nergie et commencer \u00e0 apprendre \u00e0 trader en toute confiance. Ouvrez un compte de trading avec notre Broker Partenaire Ironfx.<\/div>\n\t\t\t\t<\/div>\n\t\t\t\t<div class=\"elementor-element elementor-element-7e66efb elementor-hidden-mobile elementor-widget elementor-widget-image\" data-id=\"7e66efb\" data-element_type=\"widget\" data-widget_type=\"image.default\">\n\t\t\t\t<div class=\"elementor-widget-container\">\n\t\t\t\t\t\t\t\t\t\t\t\t\t\t\t<img decoding=\"async\" width=\"750\" height=\"500\" src=\"https:\/\/www.motradingschool.com\/wp-content\/uploads\/2021\/11\/woman-with-laptop.png\" class=\"attachment-large size-large\" alt=\"\" loading=\"lazy\" style=\"width:100%;height:66.67%;max-width:846px\" \/>\t\t\t\t\t\t\t\t\t\t\t\t\t\t\t<\/div>\n\t\t\t\t<\/div>\n\t\t\t\t<div class=\"elementor-element elementor-element-d4a7468 elementor-hidden-desktop elementor-hidden-tablet elementor-widget elementor-widget-image\" data-id=\"d4a7468\" data-element_type=\"widget\" data-widget_type=\"image.default\">\n\t\t\t\t<div class=\"elementor-widget-container\">\n\t\t\t\t\t\t\t\t\t\t\t\t\t\t\t<img decoding=\"async\" width=\"343\" height=\"281\" src=\"https:\/\/www.motradingschool.com\/wp-content\/uploads\/2021\/11\/woman-with-laptop-1.png\" class=\"attachment-large size-large\" alt=\"\" loading=\"lazy\" style=\"width:100%;height:81.92%;max-width:343px\" \/>\t\t\t\t\t\t\t\t\t\t\t\t\t\t\t<\/div>\n\t\t\t\t<\/div>\n\t\t\t\t<div class=\"elementor-element elementor-element-709193a elementor-align-center elementor-widget elementor-widget-button\" data-id=\"709193a\" data-element_type=\"widget\" data-widget_type=\"button.default\">\n\t\t\t\t<div class=\"elementor-widget-container\">\n\t\t\t\t\t<div class=\"elementor-button-wrapper\">\n\t\t\t<a href=\"https:\/\/www.ironfx.com\/fr\/register?utm_source=004300&amp;utm_medium=link&amp;utm_campaign=IronFX_Sales\" class=\"elementor-button-link elementor-button elementor-size-sm\" role=\"button\">\n\t\t\t\t\t\t<span class=\"elementor-button-content-wrapper\">\n\t\t\t\t\t\t<span class=\"elementor-button-text\">Ouvrir un compte<\/span>\n\t\t<\/span>\n\t\t\t\t\t<\/a>\n\t\t<\/div>\n\t\t\t\t<\/div>\n\t\t\t\t<\/div>\n\t\t\t\t<div class=\"elementor-element elementor-element-db46a0e elementor-widget elementor-widget-text-editor\" data-id=\"db46a0e\" data-element_type=\"widget\" data-widget_type=\"text-editor.default\">\n\t\t\t\t<div class=\"elementor-widget-container translation-block\">Tout trading comporte des risques. \n<br class=\"br-mob\">\nIl est possible de perdre tout votre capital.<\/div>\n\t\t\t\t<\/div>\n\t\t\t\t\t<\/div>\n\t\t<\/div>\n\t\t\t\t\t\t\t<\/div>\n\t\t<\/section>\n\t\t\t\t<section class=\"elementor-section elementor-top-section elementor-element elementor-element-1dcb085 elementor-section-stretched elementor-section-boxed elementor-section-height-default elementor-section-height-default\" data-id=\"1dcb085\" data-element_type=\"section\" data-settings=\"{&quot;stretch_section&quot;:&quot;section-stretched&quot;,&quot;background_background&quot;:&quot;classic&quot;}\">\n\t\t\t\t\t\t<div class=\"elementor-container elementor-column-gap-default\">\n\t\t\t\t\t<div class=\"elementor-column elementor-col-100 elementor-top-column elementor-element elementor-element-db6ec9c\" data-id=\"db6ec9c\" data-element_type=\"column\">\n\t\t\t<div class=\"elementor-widget-wrap elementor-element-populated\">\n\t\t\t\t\t\t\t\t<div class=\"elementor-element elementor-element-08afb39 elementor-widget elementor-widget-heading\" data-id=\"08afb39\" data-element_type=\"widget\" data-widget_type=\"heading.default\">\n\t\t\t\t<div class=\"elementor-widget-container\">\n\t\t\t<h3 class=\"elementor-heading-title elementor-size-default translation-block\">Apprenez les bases ou faisons passer\n<br class=\"br-des\">\n<br class=\"br-mob\">\n votre trading au niveau sup\u00e9rieur<\/h3>\t\t<\/div>\n\t\t\t\t<\/div>\n\t\t\t\t<div class=\"elementor-element elementor-element-c351a82 elementor-widget elementor-widget-text-editor\" data-id=\"c351a82\" data-element_type=\"widget\" data-widget_type=\"text-editor.default\">\n\t\t\t\t<div class=\"elementor-widget-container translation-block\">Vous venez d'ouvrir un compte de trading, mais vous n'avez pas les connaissances n\u00e9cessaires pour aller de l'avant. Ou, peut-\u00eatre que vous tradez depuis des ann\u00e9es, mais que vous ne ma\u00eetrisez toujours pas les bases. Nous enseignons aux traders de tous niveaux les comp\u00e9tences pour vous aider \u00e0 prendre votre trading au prochain niveau.Commencez avec nous maintenant et atteignez vos objectifs demain.<\/div>\n\t\t\t\t<\/div>\n\t\t\t\t<div class=\"elementor-element elementor-element-63a8e7f elementor-widget elementor-widget-image\" data-id=\"63a8e7f\" data-element_type=\"widget\" data-widget_type=\"image.default\">\n\t\t\t\t<div class=\"elementor-widget-container\">\n\t\t\t\t\t\t\t\t\t\t\t\t\t\t\t<img decoding=\"async\" width=\"750\" height=\"586\" src=\"https:\/\/www.motradingschool.com\/wp-content\/uploads\/2021\/11\/mobile-chart.png\" class=\"attachment-large size-large\" alt=\"\" loading=\"lazy\" style=\"width:100%;height:78.19%;max-width:784px\" \/>\t\t\t\t\t\t\t\t\t\t\t\t\t\t\t<\/div>\n\t\t\t\t<\/div>\n\t\t\t\t<div class=\"elementor-element elementor-element-9ebba0a elementor-widget elementor-widget-heading\" data-id=\"9ebba0a\" data-element_type=\"widget\" data-widget_type=\"heading.default\">\n\t\t\t\t<div class=\"elementor-widget-container\">\n\t\t\t<h2 class=\"elementor-heading-title elementor-size-default\">Allons plus loin\n<\/h2>\t\t<\/div>\n\t\t\t\t<\/div>\n\t\t\t\t<div class=\"elementor-element elementor-element-d1407d5 elementor-widget elementor-widget-text-editor\" data-id=\"d1407d5\" data-element_type=\"widget\" data-widget_type=\"text-editor.default\">\n\t\t\t\t<div class=\"elementor-widget-container translation-block\">Si vous \u00eates int\u00e9ress\u00e9 par des cours plus avanc\u00e9s et que vous souhaitez affiner vos comp\u00e9tences en trading, nous proposons une formation personnalis\u00e9e. Ouvrez un compte de trading avec notre Broker Partenaire Ironfx.<\/div>\n\t\t\t\t<\/div>\n\t\t\t\t<div class=\"elementor-element elementor-element-54287d3 elementor-align-center elementor-widget elementor-widget-button\" data-id=\"54287d3\" data-element_type=\"widget\" data-widget_type=\"button.default\">\n\t\t\t\t<div class=\"elementor-widget-container\">\n\t\t\t\t\t<div class=\"elementor-button-wrapper\">\n\t\t\t<a href=\"https:\/\/www.ironfx.com\/fr\/register?utm_source=004300&amp;utm_medium=link&amp;utm_campaign=IronFX_Sales\" class=\"elementor-button-link elementor-button elementor-size-sm\" role=\"button\">\n\t\t\t\t\t\t<span class=\"elementor-button-content-wrapper\">\n\t\t\t\t\t\t<span class=\"elementor-button-text\">Ouvrir un compte<\/span>\n\t\t<\/span>\n\t\t\t\t\t<\/a>\n\t\t<\/div>\n\t\t\t\t<\/div>\n\t\t\t\t<\/div>\n\t\t\t\t<div class=\"elementor-element elementor-element-9ea9041 elementor-widget elementor-widget-text-editor\" data-id=\"9ea9041\" data-element_type=\"widget\" data-widget_type=\"text-editor.default\">\n\t\t\t\t<div class=\"elementor-widget-container translation-block\">Tout trading comporte des risques. \n<br class=\"br-mob\">\nIl est possible de perdre tout votre capital.<\/div>\n\t\t\t\t<\/div>\n\t\t\t\t\t<\/div>\n\t\t<\/div>\n\t\t\t\t\t\t\t<\/div>\n\t\t<\/section>\n\t\t\t\t<section class=\"elementor-section elementor-top-section elementor-element elementor-element-af0567f elementor-section-stretched elementor-section-boxed elementor-section-height-default elementor-section-height-default\" data-id=\"af0567f\" data-element_type=\"section\" data-settings=\"{&quot;stretch_section&quot;:&quot;section-stretched&quot;,&quot;background_background&quot;:&quot;classic&quot;}\">\n\t\t\t\t\t\t<div class=\"elementor-container elementor-column-gap-default\">\n\t\t\t\t\t<div class=\"elementor-column elementor-col-100 elementor-top-column elementor-element elementor-element-4948e1a\" data-id=\"4948e1a\" data-element_type=\"column\">\n\t\t\t<div class=\"elementor-widget-wrap elementor-element-populated\">\n\t\t\t\t\t\t\t\t<div class=\"elementor-element elementor-element-911edce elementor-widget elementor-widget-heading\" data-id=\"911edce\" data-element_type=\"widget\" data-widget_type=\"heading.default\">\n\t\t\t\t<div class=\"elementor-widget-container\">\n\t\t\t<h3 class=\"elementor-heading-title elementor-size-default translation-block\">Vous apprendrez tout sur la technique, l'analyse fondamentale, la gestion des risques et la psychologie du trading<\/h3>\t\t<\/div>\n\t\t\t\t<\/div>\n\t\t\t\t<div class=\"elementor-element elementor-element-093665a elementor-widget elementor-widget-text-editor\" data-id=\"093665a\" data-element_type=\"widget\" data-widget_type=\"text-editor.default\">\n\t\t\t\t<div class=\"elementor-widget-container translation-block\">Notre succ\u00e8s r\u00e9side dans notre programme de trading. Vous commencez par les bases et progressez vers des concepts plus avanc\u00e9s aux c\u00f4t\u00e9s de nos experts qui sont eux-m\u00eames des traders.\n<br class=\"br-des\"><br class=\"br-des\">\n<br class=\"br-mob\">\n<br class=\"br-mob\">\nNous commencerons par des concepts simples avec une analyse technique comme les zones de support et de r\u00e9sistance, les lignes de tendance, l'action des prix, puis passerons \u00e0 des domaines plus avanc\u00e9s comme la gestion des risques, la psychologie du trading, l'intelligence \u00e9motionnelle et comment d\u00e9velopper votre propre strat\u00e9gie de trading.\n<br class=\"br-des\"><br class=\"br-des\">\n<br class=\"br-mob\">\n<br class=\"br-mob\">\nLorsque vous commencerez votre parcours, nous vous apprendrons les tenants et aboutissants du trading, comment configurer votre plateforme de trading, comment t\u00e9l\u00e9charger les donn\u00e9es historiques \u00e0 consulter et comment commencer \u00e0 trader. \u00c0 cet \u00e9gard, vous vous entra\u00eenerez \u00e0 am\u00e9liorerez votre aptitude au march\u00e9 et \u00e0 am\u00e9liorer vos comp\u00e9tences afin d'\u00eatre pr\u00eat \u00e0 trader avec des fonds r\u00e9els.\n<br class=\"br-des\"><br class=\"br-des\">\n<br class=\"br-mob\">\n<br class=\"br-mob\">\n<b>Rejoignez notre broker partenaire Ironfx<\/b> \n<br class=\"br-des\">\n<br class=\"br-mob\">\net construisez votre carri\u00e8re de trading avec MO Trading School.<\/div>\n\t\t\t\t<\/div>\n\t\t\t\t<div class=\"elementor-element elementor-element-22a589b elementor-align-center elementor-widget elementor-widget-button\" data-id=\"22a589b\" data-element_type=\"widget\" data-widget_type=\"button.default\">\n\t\t\t\t<div class=\"elementor-widget-container\">\n\t\t\t\t\t<div class=\"elementor-button-wrapper\">\n\t\t\t<a href=\"https:\/\/www.ironfx.com\/fr\/register?utm_source=004300&amp;utm_medium=link&amp;utm_campaign=IronFX_Sales\" class=\"elementor-button-link elementor-button elementor-size-sm\" role=\"button\">\n\t\t\t\t\t\t<span class=\"elementor-button-content-wrapper\">\n\t\t\t\t\t\t<span class=\"elementor-button-text\">S'INSCRIRE MAINTENANT<\/span>\n\t\t<\/span>\n\t\t\t\t\t<\/a>\n\t\t<\/div>\n\t\t\t\t<\/div>\n\t\t\t\t<\/div>\n\t\t\t\t<div class=\"elementor-element elementor-element-d3e1cb8 elementor-widget elementor-widget-text-editor\" data-id=\"d3e1cb8\" data-element_type=\"widget\" data-widget_type=\"text-editor.default\">\n\t\t\t\t<div class=\"elementor-widget-container translation-block\">Tout trading comporte des risques. \n<br class=\"br-mob\">\nIl est possible de perdre tout votre capital.<\/div>\n\t\t\t\t<\/div>\n\t\t\t\t\t<\/div>\n\t\t<\/div>\n\t\t\t\t\t\t\t<\/div>\n\t\t<\/section>\n\t\t\t\t\t\t<\/div>\n\t\t\t\t\t<\/div>","protected":false},"excerpt":{"rendered":"<p>Free Training Get Free Training Sessions With us, you can start developing the skills of trading with our free training sessions. You can now attend our power-packed free sessions and start learning how to trade with confidence. Open a trading account with our partner broker IronFX. Open Account All trading involves risk. It is possible&hellip; <a class=\"more-link\" href=\"https:\/\/www.motradingschool.com\/fr\/free-training\/\">Poursuivre la lecture <span class=\"screen-reader-text\">Formation gratuite<\/span><\/a><\/p>","protected":false},"author":3,"featured_media":0,"parent":0,"menu_order":0,"comment_status":"closed","ping_status":"closed","template":"elementor_header_footer","meta":[],"yoast_head":"<!-- This site is optimized with the Yoast SEO plugin v17.6 - https:\/\/yoast.com\/wordpress\/plugins\/seo\/ -->\n<title>Start learning how to trade with confidence. Register now.<\/title>\n<meta name=\"description\" content=\"With us, you can start developing the skills of trading with our free training sessions. You can now attend our free sessions and discover trading opportunities\" \/>\n<meta name=\"robots\" content=\"index, follow, max-snippet:-1, max-image-preview:large, max-video-preview:-1\" \/>\n<link rel=\"canonical\" href=\"https:\/\/www.motradingschool.com\/fr\/\" \/>\n<meta property=\"og:locale\" content=\"fr_FR\" \/>\n<meta property=\"og:type\" content=\"article\" \/>\n<meta property=\"og:title\" content=\"Start learning how to trade with confidence. Register now.\" \/>\n<meta property=\"og:description\" content=\"With us, you can start developing the skills of trading with our free training sessions. You can now attend our free sessions and discover trading opportunities\" \/>\n<meta property=\"og:url\" content=\"\/fr\/\" \/>\n<meta property=\"og:site_name\" content=\"MOTradingSchool\" \/>\n<meta property=\"article:modified_time\" content=\"2021-12-14T14:33:43+00:00\" \/>\n<meta property=\"og:image\" content=\"https:\/\/www.motradingschool.com\/wp-content\/uploads\/2021\/11\/woman-with-laptop.png\" \/>\n<meta name=\"twitter:card\" content=\"summary_large_image\" \/>\n<meta name=\"twitter:label1\" content=\"Dur\u00e9e de lecture estim\u00e9e\" \/>\n\t<meta name=\"twitter:data1\" content=\"3 minutes\" \/>\n<script type=\"application\/ld+json\" class=\"yoast-schema-graph\">{\"@context\":\"https:\/\/schema.org\",\"@graph\":[{\"@type\":\"WebSite\",\"@id\":\"https:\/\/www.motradingschool.com\/#website\",\"url\":\"https:\/\/www.motradingschool.com\/\",\"name\":\"MOTradingSchool\",\"description\":\"Free Trading Education\",\"potentialAction\":[{\"@type\":\"SearchAction\",\"target\":{\"@type\":\"EntryPoint\",\"urlTemplate\":\"https:\/\/www.motradingschool.com\/?s={search_term_string}\"},\"query-input\":\"required name=search_term_string\"}],\"inLanguage\":\"fr-FR\"},{\"@type\":\"ImageObject\",\"@id\":\"https:\/\/www.motradingschool.com\/#primaryimage\",\"inLanguage\":\"fr-FR\",\"url\":\"https:\/\/www.motradingschool.com\/wp-content\/uploads\/2021\/11\/woman-with-laptop.png\",\"contentUrl\":\"https:\/\/www.motradingschool.com\/wp-content\/uploads\/2021\/11\/woman-with-laptop.png\",\"width\":846,\"height\":564},{\"@type\":\"WebPage\",\"@id\":\"https:\/\/www.motradingschool.com\/#webpage\",\"url\":\"https:\/\/www.motradingschool.com\/\",\"name\":\"Start learning how to trade with confidence. Register now.\",\"isPartOf\":{\"@id\":\"https:\/\/www.motradingschool.com\/#website\"},\"primaryImageOfPage\":{\"@id\":\"https:\/\/www.motradingschool.com\/#primaryimage\"},\"datePublished\":\"2021-11-30T06:50:26+00:00\",\"dateModified\":\"2021-12-14T14:33:43+00:00\",\"description\":\"With us, you can start developing the skills of trading with our free training sessions. You can now attend our free sessions and discover trading opportunities\",\"breadcrumb\":{\"@id\":\"https:\/\/www.motradingschool.com\/#breadcrumb\"},\"inLanguage\":\"fr-FR\",\"potentialAction\":[{\"@type\":\"ReadAction\",\"target\":[\"https:\/\/www.motradingschool.com\/\"]}]},{\"@type\":\"BreadcrumbList\",\"@id\":\"https:\/\/www.motradingschool.com\/#breadcrumb\",\"itemListElement\":[{\"@type\":\"ListItem\",\"position\":1,\"name\":\"Home\",\"item\":\"\/\"},{\"@type\":\"ListItem\",\"position\":2,\"name\":\"Free Training\"}]}]}<\/script>\n<!-- \/ Yoast SEO plugin. -->","yoast_head_json":{"title":"Start learning how to trade with confidence. Register now.","description":"With us, you can start developing the skills of trading with our free training sessions. You can now attend our free sessions and discover trading opportunities","robots":{"index":"index","follow":"follow","max-snippet":"max-snippet:-1","max-image-preview":"max-image-preview:large","max-video-preview":"max-video-preview:-1"},"canonical":"https:\/\/www.motradingschool.com\/fr\/","og_locale":"fr_FR","og_type":"article","og_title":"Start learning how to trade with confidence. Register now.","og_description":"With us, you can start developing the skills of trading with our free training sessions. You can now attend our free sessions and discover trading opportunities","og_url":"\/fr\/","og_site_name":"MOTradingSchool","article_modified_time":"2021-12-14T14:33:43+00:00","og_image":[{"url":"https:\/\/www.motradingschool.com\/wp-content\/uploads\/2021\/11\/woman-with-laptop.png"}],"twitter_card":"summary_large_image","twitter_misc":{"Dur\u00e9e de lecture estim\u00e9e":"3 minutes"},"schema":{"@context":"https:\/\/schema.org","@graph":[{"@type":"WebSite","@id":"https:\/\/www.motradingschool.com\/#website","url":"https:\/\/www.motradingschool.com\/","name":"MOTradingSchool","description":"Free Trading Education","potentialAction":[{"@type":"SearchAction","target":{"@type":"EntryPoint","urlTemplate":"https:\/\/www.motradingschool.com\/?s={search_term_string}"},"query-input":"required name=search_term_string"}],"inLanguage":"fr-FR"},{"@type":"ImageObject","@id":"https:\/\/www.motradingschool.com\/#primaryimage","inLanguage":"fr-FR","url":"https:\/\/www.motradingschool.com\/wp-content\/uploads\/2021\/11\/woman-with-laptop.png","contentUrl":"https:\/\/www.motradingschool.com\/wp-content\/uploads\/2021\/11\/woman-with-laptop.png","width":846,"height":564},{"@type":"WebPage","@id":"https:\/\/www.motradingschool.com\/#webpage","url":"https:\/\/www.motradingschool.com\/","name":"Start learning how to trade with confidence. Register now.","isPartOf":{"@id":"https:\/\/www.motradingschool.com\/#website"},"primaryImageOfPage":{"@id":"https:\/\/www.motradingschool.com\/#primaryimage"},"datePublished":"2021-11-30T06:50:26+00:00","dateModified":"2021-12-14T14:33:43+00:00","description":"With us, you can start developing the skills of trading with our free training sessions. You can now attend our free sessions and discover trading opportunities","breadcrumb":{"@id":"https:\/\/www.motradingschool.com\/#breadcrumb"},"inLanguage":"fr-FR","potentialAction":[{"@type":"ReadAction","target":["https:\/\/www.motradingschool.com\/"]}]},{"@type":"BreadcrumbList","@id":"https:\/\/www.motradingschool.com\/#breadcrumb","itemListElement":[{"@type":"ListItem","position":1,"name":"Home","item":"\/"},{"@type":"ListItem","position":2,"name":"Free Training"}]}]}},"_links":{"self":[{"href":"https:\/\/www.motradingschool.com\/fr\/wp-json\/wp\/v2\/pages\/45"}],"collection":[{"href":"https:\/\/www.motradingschool.com\/fr\/wp-json\/wp\/v2\/pages"}],"about":[{"href":"https:\/\/www.motradingschool.com\/fr\/wp-json\/wp\/v2\/types\/page"}],"author":[{"embeddable":true,"href":"https:\/\/www.motradingschool.com\/fr\/wp-json\/wp\/v2\/users\/3"}],"replies":[{"embeddable":true,"href":"https:\/\/www.motradingschool.com\/fr\/wp-json\/wp\/v2\/comments?post=45"}],"version-history":[{"count":10,"href":"https:\/\/www.motradingschool.com\/fr\/wp-json\/wp\/v2\/pages\/45\/revisions"}],"predecessor-version":[{"id":575,"href":"https:\/\/www.motradingschool.com\/fr\/wp-json\/wp\/v2\/pages\/45\/revisions\/575"}],"wp:attachment":[{"href":"https:\/\/www.motradingschool.com\/fr\/wp-json\/wp\/v2\/media?parent=45"}],"curies":[{"name":"wp","href":"https:\/\/api.w.org\/{rel}","templated":true}]}}