{"id":47,"date":"2021-11-30T06:50:40","date_gmt":"2021-11-30T06:50:40","guid":{"rendered":"https:\/\/motradingschool-com.wp-dev.int.theitops.net\/?page_id=47"},"modified":"2021-11-30T15:03:27","modified_gmt":"2021-11-30T15:03:27","slug":"what-is-online-trading","status":"publish","type":"page","link":"https:\/\/www.motradingschool.com\/fr\/what-is-online-trading\/","title":{"rendered":"What is online trading"},"content":{"rendered":"<div data-elementor-type=\"wp-page\" data-elementor-id=\"47\" class=\"elementor elementor-47\" data-elementor-settings=\"[]\">\n\t\t\t\t\t\t\t<div class=\"elementor-section-wrap\">\n\t\t\t\t\t\t\t<section class=\"elementor-section elementor-top-section elementor-element elementor-element-8e7fec3 elementor-section-stretched elementor-section-boxed elementor-section-height-default elementor-section-height-default\" data-id=\"8e7fec3\" data-element_type=\"section\" data-settings=\"{&quot;stretch_section&quot;:&quot;section-stretched&quot;}\">\n\t\t\t\t\t\t<div class=\"elementor-container elementor-column-gap-default\">\n\t\t\t\t\t<div class=\"elementor-column elementor-col-100 elementor-top-column elementor-element elementor-element-5814ede\" data-id=\"5814ede\" data-element_type=\"column\">\n\t\t\t<div class=\"elementor-widget-wrap elementor-element-populated\">\n\t\t\t\t\t\t\t\t<div class=\"elementor-element elementor-element-b70b134 elementor-widget elementor-widget-heading\" data-id=\"b70b134\" data-element_type=\"widget\" data-widget_type=\"heading.default\">\n\t\t\t\t<div class=\"elementor-widget-container\">\n\t\t\t<h1 class=\"elementor-heading-title elementor-size-default\">Qu'est-ce que le trading en ligne ? \n<\/h1>\t\t<\/div>\n\t\t\t\t<\/div>\n\t\t\t\t<div class=\"elementor-element elementor-element-393a37d elementor-widget elementor-widget-heading\" data-id=\"393a37d\" data-element_type=\"widget\" data-widget_type=\"heading.default\">\n\t\t\t\t<div class=\"elementor-widget-container\">\n\t\t\t<h2 class=\"elementor-heading-title elementor-size-default translation-block\">Tradez en un clic et faites \n<br class=\"br-des\">\nfructifier votre capital<\/h2>\t\t<\/div>\n\t\t\t\t<\/div>\n\t\t\t\t<div class=\"elementor-element elementor-element-4dfbec5 elementor-widget elementor-widget-text-editor\" data-id=\"4dfbec5\" data-element_type=\"widget\" data-widget_type=\"text-editor.default\">\n\t\t\t\t<div class=\"elementor-widget-container\">\n\t\t\t\t\t\t\t<p class=\" translation-block\">Le trading en ligne vous donne la libert\u00e9 d'acheter et de vendre n'importe quel instrument financier que vous pr\u00e9f\u00e9rez en un clic, dans le confort, de n'importe o\u00f9 et n'importe quand. Vous pouvez passer des ordres de trading ou annuler des ordres \u00e0 votre guise, prendre vos propres d\u00e9cisions et trader comme vous le souhaitez sans aucune interf\u00e9rence d'un courtier.\n<br><br>\nUn nombre croissant d'utilisateurs en ligne se tournent vers le trading en ligne car il est facilement disponible et permet aux traders d'avoir une exp\u00e9rience en trading sans tracas. Il est \u00e9galement moins cher que les modes de trading traditionnels et prend moins de temps, car vous pouvez d\u00e9sormais acc\u00e9der rapidement \u00e0 votre plate-forme pr\u00e9f\u00e9r\u00e9e via votre smartphone, de n'importe o\u00f9. Cela vous permet \u00e9galement de surveiller vos investissements \u00e0 tout moment et de vous tenir au courant des nouvelles du march\u00e9.\n<br><br>\nLe trading en ligne peut se faire en ouvrant simplement un compte de trading avec n'importe quel Broker fiable et reconnu. L'ouverture de compte peut se faire en 15 minutes ou moins. Les documents requis pour ouvrir un compte sont g\u00e9n\u00e9ralement votre carte d'identit\u00e9 et une facture de services publics pour prouver votre adresse. Vous devrez d\u00e9poser des fonds avec une carte de cr\u00e9dit ou un virement bancaire avant de commencer \u00e0 trader.<\/p>\t\t\t\t\t\t<\/div>\n\t\t\t\t<\/div>\n\t\t\t\t\t<\/div>\n\t\t<\/div>\n\t\t\t\t\t\t\t<\/div>\n\t\t<\/section>\n\t\t\t\t<section class=\"elementor-section elementor-top-section elementor-element elementor-element-b2c2137 elementor-section-stretched elementor-section-boxed elementor-section-height-default elementor-section-height-default\" data-id=\"b2c2137\" data-element_type=\"section\" data-settings=\"{&quot;stretch_section&quot;:&quot;section-stretched&quot;,&quot;background_background&quot;:&quot;classic&quot;}\">\n\t\t\t\t\t\t<div class=\"elementor-container elementor-column-gap-default\">\n\t\t\t\t\t<div class=\"elementor-column elementor-col-100 elementor-top-column elementor-element elementor-element-32bd42a\" data-id=\"32bd42a\" data-element_type=\"column\">\n\t\t\t<div class=\"elementor-widget-wrap elementor-element-populated\">\n\t\t\t\t\t\t\t\t<div class=\"elementor-element elementor-element-a20b564 elementor-widget elementor-widget-heading\" data-id=\"a20b564\" data-element_type=\"widget\" data-widget_type=\"heading.default\">\n\t\t\t\t<div class=\"elementor-widget-container\">\n\t\t\t<h3 class=\"elementor-heading-title elementor-size-default translation-block\">Popularit\u00e9 \n<br class=\"br-mob\">\ndu Trading<\/h3>\t\t<\/div>\n\t\t\t\t<\/div>\n\t\t\t\t<div class=\"elementor-element elementor-element-4318cda elementor-widget elementor-widget-text-editor\" data-id=\"4318cda\" data-element_type=\"widget\" data-widget_type=\"text-editor.default\">\n\t\t\t\t<div class=\"elementor-widget-container translation-block\">Le trading est devenu extr\u00eamement populaire ces derni\u00e8res ann\u00e9es en raison des nouvelles technologies et des multiples opportunit\u00e9s de trading disponibles pour les traders. Le trading n'est plus la r\u00e9serve des experts financiers et n'importe qui peut trader en ligne \u00e0 l'aide de son appareil mobile. Internet a r\u00e9volutionn\u00e9 le trading et a permis aux traders investir avec facilit\u00e9 et acc\u00e9der \u00e0 une \u00e9ducation et \u00e0 des ressources qui n'\u00e9taient pas disponibles dans le pass\u00e9. \n<br class=\"br-mob\"><br class=\"br-mob\">\nAvec des march\u00e9s ouverts 24 heures sur 24 et un trading en ligne facilement accessible depuis n'importe quel appareil, le trading est ouvert \u00e0 tous, partout dans le monde. \n<br class=\"br-mob\"><br class=\"br-mob\">\n<br class=\"br-des\">\n<br class=\"br-des\"> \nUne nouvelle g\u00e9n\u00e9ration de jeunes commer\u00e7ants s'int\u00e9resse \u00e9galement de plus en plus au commerce en ligne, car la possibilit\u00e9 de gagner un revenu suppl\u00e9mentaire en ligne dans le confort de leur foyer est tr\u00e8s attrayante. Pour beaucoup, l'attrait r\u00e9side dans l'id\u00e9e que le commerce en ligne est la voie vers la libert\u00e9 \u00e9conomique ou du moins une nouvelle carri\u00e8re lib\u00e9r\u00e9e des contraintes d'un emploi r\u00e9gulier.<\/div>\n\t\t\t\t<\/div>\n\t\t\t\t<div class=\"elementor-element elementor-element-9fb2baf elementor-hidden-mobile elementor-widget elementor-widget-image\" data-id=\"9fb2baf\" data-element_type=\"widget\" data-widget_type=\"image.default\">\n\t\t\t\t<div class=\"elementor-widget-container\">\n\t\t\t\t\t\t\t\t\t\t\t\t\t\t\t<img decoding=\"async\" width=\"750\" height=\"450\" src=\"https:\/\/www.motradingschool.com\/wp-content\/uploads\/2021\/11\/popularity-of-trading.png\" class=\"attachment-large size-large\" alt=\"\" loading=\"lazy\" style=\"width:100%;height:59.98%;max-width:967px\" \/>\t\t\t\t\t\t\t\t\t\t\t\t\t\t\t<\/div>\n\t\t\t\t<\/div>\n\t\t\t\t<div class=\"elementor-element elementor-element-2ebc84d elementor-hidden-desktop elementor-hidden-tablet elementor-widget elementor-widget-image\" data-id=\"2ebc84d\" data-element_type=\"widget\" data-widget_type=\"image.default\">\n\t\t\t\t<div class=\"elementor-widget-container\">\n\t\t\t\t\t\t\t\t\t\t\t\t\t\t\t<img decoding=\"async\" width=\"375\" height=\"367\" src=\"https:\/\/www.motradingschool.com\/wp-content\/uploads\/2021\/11\/popularity-of-trading-1.png\" class=\"attachment-large size-large\" alt=\"\" loading=\"lazy\" style=\"width:100%;height:97.87%;max-width:375px\" \/>\t\t\t\t\t\t\t\t\t\t\t\t\t\t\t<\/div>\n\t\t\t\t<\/div>\n\t\t\t\t<div class=\"elementor-element elementor-element-2831ae2 elementor-widget elementor-widget-text-editor\" data-id=\"2831ae2\" data-element_type=\"widget\" data-widget_type=\"text-editor.default\">\n\t\t\t\t<div class=\"elementor-widget-container translation-block\">Bien qu'il soit possible de faire un trade rentable en tant que d\u00e9butant, de nombreux traders prosp\u00e8res ont pass\u00e9 des ann\u00e9es \u00e0 perfectionner leur art. Si vous cherchez \u00e0 vous concentrer sur le trading comme principale source de revenus, alors vous devriez suivre les le\u00e7ons des traders professionnels et vous entra\u00eener, analyser vos erreurs et en tirer des le\u00e7ons.                                                                                                                      <br class=\"br-mob\"><br class=\"br-mob\">\n<br class=\"br-des\">\n<br class=\"br-des\">\nPour tous ceux qui cherchent \u00e0 obtenir des revenus suppl\u00e9mentaires, le trading en ligne peut \u00eatre une entreprise lucrative. En fonction de votre app\u00e9tit pour le risque, du temps et du montant de capital que vous \u00eates pr\u00eat \u00e0 investir, vous pouvez commencer lentement et faire cro\u00eetre votre portefeuille au fil du temps.<\/div>\n\t\t\t\t<\/div>\n\t\t\t\t\t<\/div>\n\t\t<\/div>\n\t\t\t\t\t\t\t<\/div>\n\t\t<\/section>\n\t\t\t\t<section class=\"elementor-section elementor-top-section elementor-element elementor-element-c3b2b90 elementor-section-stretched elementor-section-boxed elementor-section-height-default elementor-section-height-default\" data-id=\"c3b2b90\" data-element_type=\"section\" data-settings=\"{&quot;stretch_section&quot;:&quot;section-stretched&quot;,&quot;background_background&quot;:&quot;classic&quot;}\">\n\t\t\t\t\t\t<div class=\"elementor-container elementor-column-gap-default\">\n\t\t\t\t\t<div class=\"elementor-column elementor-col-100 elementor-top-column elementor-element elementor-element-c230d79\" data-id=\"c230d79\" data-element_type=\"column\">\n\t\t\t<div class=\"elementor-widget-wrap elementor-element-populated\">\n\t\t\t\t\t\t\t\t<div class=\"elementor-element elementor-element-df801bb elementor-widget elementor-widget-heading\" data-id=\"df801bb\" data-element_type=\"widget\" data-widget_type=\"heading.default\">\n\t\t\t\t<div class=\"elementor-widget-container\">\n\t\t\t<h3 class=\"elementor-heading-title elementor-size-default translation-block\"><span style=\"color: #f63d44\">\nTout le monde peut devenir commer\u00e7ant. \n<\/span>\n<br class=\"br-des\">\nCe n'est qu'une question de temps<\/h3>\t\t<\/div>\n\t\t\t\t<\/div>\n\t\t\t\t<div class=\"elementor-element elementor-element-2a7ccc6 elementor-widget elementor-widget-text-editor\" data-id=\"2a7ccc6\" data-element_type=\"widget\" data-widget_type=\"text-editor.default\">\n\t\t\t\t<div class=\"elementor-widget-container\">\n\t\t\t\t\t\t\t<p>Si vous \u00eates attach\u00e9 \u00e0 l'id\u00e9e de devenir un trader prosp\u00e8re et que vous travaillez dur, alors vous pouvez devenir un trader. Si vous suivez nos enseignements et commencez \u00e0 comprendre les march\u00e9s et comment fonctionne le trading, alors vous comprendrez lentement les bases et comment tout sur les march\u00e9s n'est pas aussi impr\u00e9visible qu'il n'y para\u00eet. Les mouvements du march\u00e9 ne sont pas de simples co\u00efncidences et chaque mouvement de prix a g\u00e9n\u00e9ralement une raison. Bien qu'il n'y ait pas une seule v\u00e9rit\u00e9, vous vous rendrez compte qu'avec de la patience, de la pratique et de la recherche, vous deviendrez un trader plus fort et plus confiant, augmentant ainsi vos chances de r\u00e9ussite financi\u00e8re.<\/p>\t\t\t\t\t\t<\/div>\n\t\t\t\t<\/div>\n\t\t\t\t<div class=\"elementor-element elementor-element-f74a860 elementor-hidden-mobile elementor-widget elementor-widget-image\" data-id=\"f74a860\" data-element_type=\"widget\" data-widget_type=\"image.default\">\n\t\t\t\t<div class=\"elementor-widget-container\">\n\t\t\t\t\t\t\t\t\t\t\t\t\t\t\t<img decoding=\"async\" width=\"750\" height=\"485\" src=\"https:\/\/www.motradingschool.com\/wp-content\/uploads\/2021\/11\/become-a-trader.png\" class=\"attachment-large size-large\" alt=\"\" loading=\"lazy\" style=\"width:100%;height:64.72%;max-width:856px\" \/>\t\t\t\t\t\t\t\t\t\t\t\t\t\t\t<\/div>\n\t\t\t\t<\/div>\n\t\t\t\t<div class=\"elementor-element elementor-element-3cf398c elementor-hidden-desktop elementor-hidden-tablet elementor-widget elementor-widget-image\" data-id=\"3cf398c\" data-element_type=\"widget\" data-widget_type=\"image.default\">\n\t\t\t\t<div class=\"elementor-widget-container\">\n\t\t\t\t\t\t\t\t\t\t\t\t\t\t\t<img decoding=\"async\" width=\"317\" height=\"373\" src=\"https:\/\/www.motradingschool.com\/wp-content\/uploads\/2021\/11\/become-a-trader-1.png\" class=\"attachment-large size-large\" alt=\"\" loading=\"lazy\" style=\"width:100%;height:117.67%;max-width:317px\" \/>\t\t\t\t\t\t\t\t\t\t\t\t\t\t\t<\/div>\n\t\t\t\t<\/div>\n\t\t\t\t\t<\/div>\n\t\t<\/div>\n\t\t\t\t\t\t\t<\/div>\n\t\t<\/section>\n\t\t\t\t\t\t<\/div>\n\t\t\t\t\t<\/div>","protected":false},"excerpt":{"rendered":"<p>What is Online Trading ? Trade in one click and grow your capital Online trading gives you the freedom to buy and sell any financial instrument you prefer in one click, at the comfort of your own home. You can place trade orders or cancel orders at your will, make your own decisions and trade&hellip; <a class=\"more-link\" href=\"https:\/\/www.motradingschool.com\/fr\/what-is-online-trading\/\">Poursuivre la lecture <span class=\"screen-reader-text\">What is online trading<\/span><\/a><\/p>","protected":false},"author":3,"featured_media":0,"parent":0,"menu_order":0,"comment_status":"closed","ping_status":"closed","template":"elementor_header_footer","meta":[],"yoast_head":"<!-- This site is optimized with the Yoast SEO plugin v17.6 - https:\/\/yoast.com\/wordpress\/plugins\/seo\/ -->\n<title>Start Online trading with our partner broker. Do not miss it.<\/title>\n<meta name=\"description\" content=\"Online trading gives you the freedom to buy and sell any financial instrument you prefer in one click, at the comfort of your own home. Register and start now\" \/>\n<meta name=\"robots\" content=\"index, follow, max-snippet:-1, max-image-preview:large, max-video-preview:-1\" \/>\n<link rel=\"canonical\" href=\"https:\/\/www.motradingschool.com\/fr\/\" \/>\n<meta property=\"og:locale\" content=\"fr_FR\" \/>\n<meta property=\"og:type\" content=\"article\" \/>\n<meta property=\"og:title\" content=\"Start Online trading with our partner broker. Do not miss it.\" \/>\n<meta property=\"og:description\" content=\"Online trading gives you the freedom to buy and sell any financial instrument you prefer in one click, at the comfort of your own home. Register and start now\" \/>\n<meta property=\"og:url\" content=\"\/fr\/\" \/>\n<meta property=\"og:site_name\" content=\"MOTradingSchool\" \/>\n<meta property=\"article:modified_time\" content=\"2021-11-30T15:03:27+00:00\" \/>\n<meta property=\"og:image\" content=\"https:\/\/www.motradingschool.com\/wp-content\/uploads\/2021\/11\/popularity-of-trading.png\" \/>\n<meta name=\"twitter:card\" content=\"summary_large_image\" \/>\n<meta name=\"twitter:label1\" content=\"Dur\u00e9e de lecture estim\u00e9e\" \/>\n\t<meta name=\"twitter:data1\" content=\"4 minutes\" \/>\n<script type=\"application\/ld+json\" class=\"yoast-schema-graph\">{\"@context\":\"https:\/\/schema.org\",\"@graph\":[{\"@type\":\"WebSite\",\"@id\":\"https:\/\/www.motradingschool.com\/#website\",\"url\":\"https:\/\/www.motradingschool.com\/\",\"name\":\"MOTradingSchool\",\"description\":\"Free Trading Education\",\"potentialAction\":[{\"@type\":\"SearchAction\",\"target\":{\"@type\":\"EntryPoint\",\"urlTemplate\":\"https:\/\/www.motradingschool.com\/?s={search_term_string}\"},\"query-input\":\"required name=search_term_string\"}],\"inLanguage\":\"fr-FR\"},{\"@type\":\"ImageObject\",\"@id\":\"https:\/\/www.motradingschool.com\/#primaryimage\",\"inLanguage\":\"fr-FR\",\"url\":\"https:\/\/www.motradingschool.com\/wp-content\/uploads\/2021\/11\/popularity-of-trading.png\",\"contentUrl\":\"https:\/\/www.motradingschool.com\/wp-content\/uploads\/2021\/11\/popularity-of-trading.png\",\"width\":967,\"height\":580},{\"@type\":\"WebPage\",\"@id\":\"https:\/\/www.motradingschool.com\/#webpage\",\"url\":\"https:\/\/www.motradingschool.com\/\",\"name\":\"Start Online trading with our partner broker. Do not miss it.\",\"isPartOf\":{\"@id\":\"https:\/\/www.motradingschool.com\/#website\"},\"primaryImageOfPage\":{\"@id\":\"https:\/\/www.motradingschool.com\/#primaryimage\"},\"datePublished\":\"2021-11-30T06:50:40+00:00\",\"dateModified\":\"2021-11-30T15:03:27+00:00\",\"description\":\"Online trading gives you the freedom to buy and sell any financial instrument you prefer in one click, at the comfort of your own home. Register and start now\",\"breadcrumb\":{\"@id\":\"https:\/\/www.motradingschool.com\/#breadcrumb\"},\"inLanguage\":\"fr-FR\",\"potentialAction\":[{\"@type\":\"ReadAction\",\"target\":[\"https:\/\/www.motradingschool.com\/\"]}]},{\"@type\":\"BreadcrumbList\",\"@id\":\"https:\/\/www.motradingschool.com\/#breadcrumb\",\"itemListElement\":[{\"@type\":\"ListItem\",\"position\":1,\"name\":\"Home\",\"item\":\"\/\"},{\"@type\":\"ListItem\",\"position\":2,\"name\":\"What is online trading\"}]}]}<\/script>\n<!-- \/ Yoast SEO plugin. -->","yoast_head_json":{"title":"Start Online trading with our partner broker. Do not miss it.","description":"Online trading gives you the freedom to buy and sell any financial instrument you prefer in one click, at the comfort of your own home. Register and start now","robots":{"index":"index","follow":"follow","max-snippet":"max-snippet:-1","max-image-preview":"max-image-preview:large","max-video-preview":"max-video-preview:-1"},"canonical":"https:\/\/www.motradingschool.com\/fr\/","og_locale":"fr_FR","og_type":"article","og_title":"Start Online trading with our partner broker. Do not miss it.","og_description":"Online trading gives you the freedom to buy and sell any financial instrument you prefer in one click, at the comfort of your own home. Register and start now","og_url":"\/fr\/","og_site_name":"MOTradingSchool","article_modified_time":"2021-11-30T15:03:27+00:00","og_image":[{"url":"https:\/\/www.motradingschool.com\/wp-content\/uploads\/2021\/11\/popularity-of-trading.png"}],"twitter_card":"summary_large_image","twitter_misc":{"Dur\u00e9e de lecture estim\u00e9e":"4 minutes"},"schema":{"@context":"https:\/\/schema.org","@graph":[{"@type":"WebSite","@id":"https:\/\/www.motradingschool.com\/#website","url":"https:\/\/www.motradingschool.com\/","name":"MOTradingSchool","description":"Free Trading Education","potentialAction":[{"@type":"SearchAction","target":{"@type":"EntryPoint","urlTemplate":"https:\/\/www.motradingschool.com\/?s={search_term_string}"},"query-input":"required name=search_term_string"}],"inLanguage":"fr-FR"},{"@type":"ImageObject","@id":"https:\/\/www.motradingschool.com\/#primaryimage","inLanguage":"fr-FR","url":"https:\/\/www.motradingschool.com\/wp-content\/uploads\/2021\/11\/popularity-of-trading.png","contentUrl":"https:\/\/www.motradingschool.com\/wp-content\/uploads\/2021\/11\/popularity-of-trading.png","width":967,"height":580},{"@type":"WebPage","@id":"https:\/\/www.motradingschool.com\/#webpage","url":"https:\/\/www.motradingschool.com\/","name":"Start Online trading with our partner broker. Do not miss it.","isPartOf":{"@id":"https:\/\/www.motradingschool.com\/#website"},"primaryImageOfPage":{"@id":"https:\/\/www.motradingschool.com\/#primaryimage"},"datePublished":"2021-11-30T06:50:40+00:00","dateModified":"2021-11-30T15:03:27+00:00","description":"Online trading gives you the freedom to buy and sell any financial instrument you prefer in one click, at the comfort of your own home. Register and start now","breadcrumb":{"@id":"https:\/\/www.motradingschool.com\/#breadcrumb"},"inLanguage":"fr-FR","potentialAction":[{"@type":"ReadAction","target":["https:\/\/www.motradingschool.com\/"]}]},{"@type":"BreadcrumbList","@id":"https:\/\/www.motradingschool.com\/#breadcrumb","itemListElement":[{"@type":"ListItem","position":1,"name":"Home","item":"\/"},{"@type":"ListItem","position":2,"name":"What is online trading"}]}]}},"_links":{"self":[{"href":"https:\/\/www.motradingschool.com\/fr\/wp-json\/wp\/v2\/pages\/47"}],"collection":[{"href":"https:\/\/www.motradingschool.com\/fr\/wp-json\/wp\/v2\/pages"}],"about":[{"href":"https:\/\/www.motradingschool.com\/fr\/wp-json\/wp\/v2\/types\/page"}],"author":[{"embeddable":true,"href":"https:\/\/www.motradingschool.com\/fr\/wp-json\/wp\/v2\/users\/3"}],"replies":[{"embeddable":true,"href":"https:\/\/www.motradingschool.com\/fr\/wp-json\/wp\/v2\/comments?post=47"}],"version-history":[{"count":10,"href":"https:\/\/www.motradingschool.com\/fr\/wp-json\/wp\/v2\/pages\/47\/revisions"}],"predecessor-version":[{"id":339,"href":"https:\/\/www.motradingschool.com\/fr\/wp-json\/wp\/v2\/pages\/47\/revisions\/339"}],"wp:attachment":[{"href":"https:\/\/www.motradingschool.com\/fr\/wp-json\/wp\/v2\/media?parent=47"}],"curies":[{"name":"wp","href":"https:\/\/api.w.org\/{rel}","templated":true}]}}